{"id":479,"date":"2016-06-12T21:05:33","date_gmt":"2016-06-12T19:05:33","guid":{"rendered":"https:\/\/partner-ueber-grenzen.de\/?page_id=479"},"modified":"2026-01-02T11:53:10","modified_gmt":"2026-01-02T10:53:10","slug":"impressum","status":"publish","type":"page","link":"https:\/\/partner-ueber-grenzen.de\/en\/about\/impressum\/","title":{"rendered":"Impressum"},"content":{"rendered":"<p>Partner \u00fcber Grenzen e.V.<br \/>\nOsterdeich 57<br \/>\n28203 Bremen<\/p>\n<p>1. Vorsitzender: Eckardt Kreye<br \/>\n2. Vorsitzende: Sandra G\u00f6ttle<br \/>\nKassenwart: Paul G\u00f6ttle<\/p>\n<p>Vereinsregister Bremen Nr. 7927<br \/>\nFinanzamt Bremen<br \/>\nSteuernummer 60 146 13046<\/p>\n<p>Webmaster (verantwortlich f\u00fcr Inhalte):<br \/>\nEckardt Kreye<\/p>\n<h1>Disclaimer &#8211; rechtliche Hinweise<\/h1>\n<h3>1. Warnhinweis zu Inhalten<\/h3>\n<p>Die kostenlosen und frei zug\u00e4nglichen Inhalte dieser Webseite wurden mit gr\u00f6\u00dftm\u00f6glicher Sorgfalt erstellt. Der Anbieter dieser Webseite \u00fcbernimmt jedoch keine Gew\u00e4hr f\u00fcr die Richtigkeit und Aktualit\u00e4t der bereitgestellten kostenlosen und frei zug\u00e4nglichen journalistischen Ratgeber und Nachrichten. Namentlich gekennzeichnete Beitr\u00e4ge geben die Meinung des jeweiligen Autors und nicht immer die Meinung des Anbieters wieder. Allein durch den Aufruf der kostenlosen und frei zug\u00e4nglichen Inhalte kommt keinerlei Vertragsverh\u00e4ltnis zwischen dem Nutzer und dem Anbieter zustande, insoweit fehlt es am Rechtsbindungswillen des Anbieters.<\/p>\n<h3>2. Externe Links<\/h3>\n<p>Diese Website enth\u00e4lt Verkn\u00fcpfungen zu Websites Dritter (&#8220;externe Links&#8221;). Diese Websites unterliegen der Haftung der jeweiligen Betreiber. Der Anbieter hat bei der erstmaligen Verkn\u00fcpfung der externen Links die fremden Inhalte daraufhin \u00fcberpr\u00fcft, ob etwaige Rechtsverst\u00f6\u00dfe bestehen. Zu dem Zeitpunkt waren keine Rechtsverst\u00f6\u00dfe ersichtlich. Der Anbieter hat keinerlei Einfluss auf die aktuelle und zuk\u00fcnftige Gestaltung und auf die Inhalte der verkn\u00fcpften Seiten. Das Setzen von externen Links bedeutet nicht, dass sich der Anbieter die hinter dem Verweis oder Link liegenden Inhalte zu Eigen macht. Eine st\u00e4ndige Kontrolle der externen Links ist f\u00fcr den Anbieter ohne konkrete Hinweise auf Rechtsverst\u00f6\u00dfe nicht zumutbar. Bei Kenntnis von Rechtsverst\u00f6\u00dfen werden jedoch derartige externe Links unverz\u00fcglich gel\u00f6scht.<\/p>\n<h3>3. Urheber- und Leistungsschutzrechte<\/h3>\n<p>Die auf dieser Website ver\u00f6ffentlichten Inhalte unterliegen dem deutschen Urheber- und Leistungsschutzrecht. Jede vom deutschen Urheber- und Leistungsschutzrecht nicht zugelassene Verwertung bedarf der vorherigen schriftlichen Zustimmung des Anbieters oder jeweiligen Rechteinhabers. Dies gilt insbesondere f\u00fcr Vervielf\u00e4ltigung, Bearbeitung, \u00dcbersetzung, Einspeicherung, Verarbeitung bzw. Wiedergabe von Inhalten in Datenbanken oder anderen elektronischen Medien und Systemen. Inhalte und Rechte Dritter sind dabei als solche gekennzeichnet. Die unerlaubte Vervielf\u00e4ltigung oder Weitergabe einzelner Inhalte oder kompletter Seiten ist nicht gestattet und strafbar. Lediglich die Herstellung von Kopien und Downloads f\u00fcr den pers\u00f6nlichen, privaten und nicht kommerziellen Gebrauch ist erlaubt.<\/p>\n<p>Die Darstellung dieser Website in fremden Frames ist nur mit schriftlicher Erlaubnis zul\u00e4ssig.<\/p>\n<h3>4. Datenschutz<\/h3>\n<p>Der Anbieter weist ausdr\u00fccklich darauf hin, dass die Daten\u00fcbertragung im Internet (z.B. bei der Kommunikation per E-Mail) Sicherheitsl\u00fccken aufweisen und nicht l\u00fcckenlos vor dem Zugriff durch Dritte gesch\u00fctzt werden kann.<\/p>\n<p>Die Verwendung der Kontaktdaten des Impressums zur gewerblichen Werbung ist ausdr\u00fccklich nicht erw\u00fcnscht, es sei denn der Anbieter hatte zuvor seine schriftliche Einwilligung erteilt oder es besteht bereits eine Gesch\u00e4ftsbeziehung. Der Anbieter und alle auf dieser Website genannten Personen widersprechen hiermit jeder kommerziellen Verwendung und Weitergabe ihrer Daten.<\/p>\n<p><strong>Personenbezogene Daten<\/strong><br \/>\nSie k\u00f6nnen unsere Webseite ohne Angabe personenbezogener Daten besuchen. Soweit auf unseren Seiten personenbezogene Daten (wie Name, Anschrift oder E-Mail Adresse) erhoben werden, erfolgt dies, soweit m\u00f6glich, auf freiwilliger Basis. Diese Daten werden ohne Ihre ausdr\u00fcckliche Zustimmung nicht an Dritte weitergegeben. Sofern zwischen Ihnen und uns ein Vertragsverh\u00e4ltnis begr\u00fcndet, inhaltlich ausgestaltet oder ge\u00e4ndert werden soll oder Sie an uns eine Anfrage stellen, erheben und verwenden wir personenbezogene Daten von Ihnen, soweit dies zu diesen Zwecken erforderlich ist (Bestandsdaten). Wir erheben, verarbeiten und nutzen personenbezogene Daten soweit dies erforderlich ist, um Ihnen die Inanspruchnahme des Webangebots zu erm\u00f6glichen (Nutzungsdaten). S\u00e4mtliche personenbezogenen Daten werden nur solange gespeichert wie dies f\u00fcr den geannten Zweck (Bearbeitung Ihrer Anfrage oder Abwicklung eines Vertrags) erforderlich ist. Hierbei werden steuer- und handelsrechtliche Aufbewahrungsfristen ber\u00fccksichtigt. Auf Anordnung der zust\u00e4ndigen Stellen d\u00fcrfen wir im Einzelfall Auskunft \u00fcber diese Daten (Bestandsdaten) erteilen, soweit dies f\u00fcr Zwecke der Strafverfolgung, zur Gefahrenabwehr, zur Erf\u00fcllung der gesetzlichen Aufgaben der Verfassungsschutzbeh\u00f6rden oder des Milit\u00e4rischen Abschirmdienstes oder zur Durchsetzung der Rechte am geistigen Eigentum erforderlich ist.<\/p>\n<p><strong>Kommentarfunktionen<\/strong><br \/>\nIm Rahmen der Kommentarfunktion erheben wir personenbezogene Daten (z.B. Name, E-Mail) im Rahmen Ihrer Kommentierung zu einem Beitrag nur in dem Umfang wie Sie ihn uns mitgeteilt haben. Bei der Ver\u00f6ffentlichung eines Kommentars wird die von Ihnen angegebene Email-Adresse gespeichert, aber nicht ver\u00f6ffentlicht. Ihr Name wird ver\u00f6ffentlicht, wenn Sie nicht unter Pseudonym geschrieben haben.<\/p>\n<p><strong>Datenschutzerkl\u00e4rung f\u00fcr das Facebook-Plugin (\u201eGef\u00e4llt mir\u201c)<\/strong><br \/>\nDiese Webseite nutzt Plugins des Anbieters Facebook.com, welche durch das Unternehmen Facebook Inc., 1601 S. California Avenue, Palo Alto, CA 94304 in den USA bereitgestellt werden. Nutzer unserer Webseite, auf der das Facebook-Plugin (\u201eGef\u00e4llt mir\u201c-Button) installiert ist, werden hiermit darauf hingewiesen, dass durch das Plugin eine Verbindung zu Facebook aufgebaut wird, wodurch eine \u00dcbermittlung an Ihren Browser durchgef\u00fchrt wird, damit das Plugin auf der Webseite erscheint.<br \/>\nDes Weiteren werden durch die Nutzung Daten an die Facebook-Server weitergeleitet, welche Informationen \u00fcber Ihre Webseitenbesuche auf unserer Homepage enthalten. Dies hat f\u00fcr eingeloggte Facebook-Nutzer zur Folge, dass die Nutzungsdaten Ihrem pers\u00f6nlichen Facebook-Account zugeordnet werden.<br \/>\nSobald Sie als eingeloggter Facebook-Nutzer aktiv das Facebook-Plugin nutzen (z.B. durch das Klicken auf den \u201eGef\u00e4llt mir\u201c Knopf oder die Nutzung der Kommentarfunktion), werden diese Daten zu Ihrem Facebook-Account \u00fcbertragen und ver\u00f6ffentlicht. Dies k\u00f6nnen Sie nur durch vorheriges Ausloggen aus Ihrem Facebook-Account umgehen.<br \/>\nWeitere Information bez\u00fcglich der Datennutzung durch Facebook entnehmen Sie bitte den datenschutzrechtlichen Bestimmungen auf Facebook unter <a href=\"http:\/\/de-de.facebook.com\/policy.php\" rel=\"nofollow\">http:\/\/de-de.facebook.com\/policy.php<\/a>.<\/p>\n<p><strong>Datenschutzerkl\u00e4rung f\u00fcr das soziale Netzwerk Google Plus<\/strong><br \/>\nDiese Webseite verwendet die sog. \u201eG +1\u201c-Schaltfl\u00e4che des sozialen Netzwerkes Google Plus, welches von der Google Inc., 1600 Amphitheatre Parkway, Mountain View, CA 94043, United States betrieben wird (\u201eGoogle\u201c). Die Schaltfl\u00e4che ist an dem Zeichen \u201eG +1\u201c zu erkennen. Wenn Sie bei Google Plus registriert sind, k\u00f6nnen Sie mit der \u201eG +1\u201c Schaltfl\u00e4che Ihr Interesse an unserer Webseite ausdr\u00fccken und Inhalte von unserer Webseite auf Google Plus teilen. In dem Falle speichert Google sowohl die Information, dass Sie f\u00fcr einen unserer Inhalte ein \u201eG +1\u201c gegeben haben, als auch Informationen \u00fcber die Seite, die Sie dabei angesehen haben. Ihre \u201eG +1\u201c k\u00f6nnen m\u00f6glicherweise zusammen mit Ihrem Namen (ggf. auch mit Foto &#8211; soweit vorhanden) bei Google Plus in weiteren Google-Diensten, wie der Google Suche oder Ihrem Google-Profil, eingeblendet werden.<br \/>\nZweck und Umfang der Datenerhebung und die weitere Verarbeitung und Nutzung der Daten durch Google sowie Ihre diesbez\u00fcglichen Rechte und Einstellungsm\u00f6glichkeiten zum Schutz Ihrer Privatsph\u00e4re entnehmen Sie bitte Googles Datenschutzhinweisen:<br \/>\n<a href=\"https:\/\/www.google.com\/intl\/de\/policies\/privacy\/\" rel=\"nofollow\">https:\/\/www.google.com\/intl\/de\/policies\/privacy\/<\/a><\/p>\n<p><strong>Auskunftsrecht<\/strong><br \/>\nSie haben das jederzeitige Recht, sich unentgeltlich und unverz\u00fcglich \u00fcber die zu Ihrer Person erhobenen Daten zu erkundigen. Sie haben das jederzeitige Recht, Ihre Zustimmung zur Verwendung Ihrer angegeben pers\u00f6nlichen Daten mit Wirkung f\u00fcr die Zukunft zu widerrufen. Zur Auskunftserteilung wenden Sie sich bitte an den Anbieter unter den Kontaktdaten im Impressum.<\/p>\n<h3>5. Besondere Nutzungsbedingungen<\/h3>\n<p>Soweit besondere Bedingungen f\u00fcr einzelne Nutzungen dieser Website von den vorgenannten Nummern 1. bis 4. abweichen, wird an entsprechender Stelle ausdr\u00fccklich darauf hingewiesen. In diesem Falle gelten im jeweiligen Einzelfall die besonderen Nutzungsbedingungen.<\/p>\n<p>Quelle: <a title=\"disclaimer\" href=\"http:\/\/www.juraforum.de\/disclaimer_muster\/\">Disclaimer<\/a> von Juraforum.de.<\/p>\n","protected":false},"excerpt":{"rendered":"<p>Partner \u00fcber Grenzen e.V. Osterdeich 57 28203 Bremen 1. Vorsitzender: Eckardt Kreye 2. Vorsitzende: Sandra G\u00f6ttle Kassenwart: Paul G\u00f6ttle Vereinsregister Bremen Nr. 7927 Finanzamt Bremen Steuernummer 60 146 13046 Webmaster (verantwortlich f\u00fcr Inhalte): Eckardt Kreye Disclaimer &#8211; rechtliche Hinweise 1. Warnhinweis zu Inhalten Die kostenlosen und frei zug\u00e4nglichen Inhalte dieser Webseite wurden mit gr\u00f6\u00dftm\u00f6glicher Sorgfalt &hellip; <a href=\"https:\/\/partner-ueber-grenzen.de\/en\/about\/impressum\/\" class=\"more-link\">Continue reading<span class=\"screen-reader-text\"> &#8220;Impressum&#8221;<\/span><\/a><\/p>\n","protected":false},"author":27,"featured_media":0,"parent":18,"menu_order":99,"comment_status":"closed","ping_status":"closed","template":"","meta":{"jetpack_post_was_ever_published":false,"footnotes":""},"class_list":["post-479","page","type-page","status-publish","hentry"],"jetpack_sharing_enabled":true,"jetpack_shortlink":"https:\/\/wp.me\/P8CDKE-7J","jetpack-related-posts":[{"id":18,"url":"https:\/\/partner-ueber-grenzen.de\/about\/","url_meta":{"origin":479,"position":0},"title":"\u00dcber uns","author":"partner_admin","date":"17. March 2016","format":false,"excerpt":"Ziel des Vereins: junge Menschen aus afrikanischen L\u00e4ndern und Deutschland in Kontakt bringen. Der Verein unterst\u00fctzt internationale Jugendbegegnungen der ausserschulischen Bildungsarbeit und Schulaustauschprogramme. Wer Interesse an unserer Arbeit hat, kann sich ganz einfach \u00fcber das Kontaktformular\u00a0an uns wenden. \u00a0 Sitz des gemeinn\u00fctzigen Vereins ist in Bremen. Unsere\u00a0Satzung Bankverbindung: GLS Bank\u2026","rel":"","context":"Similar post","block_context":{"text":"Similar post","link":""},"img":{"alt_text":"","src":"https:\/\/i0.wp.com\/partner-ueber-grenzen.de\/wp-content\/uploads\/2019\/07\/pug-Logo-222x203.png?resize=350%2C200&ssl=1","width":350,"height":200},"classes":[]},{"id":858,"url":"https:\/\/partner-ueber-grenzen.de\/medienarbeit\/maji_ni_uhai\/","url_meta":{"origin":479,"position":1},"title":"Wasser ist Leben","author":"Ecki","date":"8. May 2017","format":false,"excerpt":"Macht mit bei dem Fotoprojekt\u00a0Wasser ist Leben.\u00a0Fotografiert ein passendes Motiv und schreibt dazu einen kurzen Text. Wir laden eure Produkte auf die daf\u00fcr eingerichtete Website:\u00a0http:\/\/kenya-germanphotoproject.weebly.com Dies ist ein Projekt welches\u00a0Mathare Youth Film Festival (Nairobi), Mathare Foundation (Nairobi), die Deutsche Schule Nairobi und Partner*innen \u00fcber Grenzen (Bremen), unter Beteiligung von Mutoto\u2026","rel":"","context":"Similar post","block_context":{"text":"Similar post","link":""},"img":{"alt_text":"","src":"https:\/\/i0.wp.com\/partner-ueber-grenzen.de\/wp-content\/uploads\/2017\/06\/20170506-DSC_0737-1024x318.jpg?resize=350%2C200&ssl=1","width":350,"height":200,"srcset":"https:\/\/i0.wp.com\/partner-ueber-grenzen.de\/wp-content\/uploads\/2017\/06\/20170506-DSC_0737-1024x318.jpg?resize=350%2C200&ssl=1 1x, https:\/\/i0.wp.com\/partner-ueber-grenzen.de\/wp-content\/uploads\/2017\/06\/20170506-DSC_0737-1024x318.jpg?resize=525%2C300&ssl=1 1.5x, https:\/\/i0.wp.com\/partner-ueber-grenzen.de\/wp-content\/uploads\/2017\/06\/20170506-DSC_0737-1024x318.jpg?resize=700%2C400&ssl=1 2x"},"classes":[]},{"id":4085,"url":"https:\/\/partner-ueber-grenzen.de\/en\/about\/","url_meta":{"origin":479,"position":2},"title":"About","author":"partner_admin","date":"9. September 2021","format":false,"excerpt":"Goal of the association: bringing young people from African countries and Germany in contact. The association supports school exchanges and international youth meetings in extracurricular education. It emerged from the Africa-Project of GSM. We usually meet every one to two months to discuss our actions. Anyone interested in participating can\u2026","rel":"","context":"Similar post","block_context":{"text":"Similar post","link":""},"img":{"alt_text":"","src":"https:\/\/i0.wp.com\/partner-ueber-grenzen.de\/wp-content\/uploads\/2019\/07\/pug-Logo-222x203.png?resize=350%2C200&ssl=1","width":350,"height":200},"classes":[]},{"id":1224,"url":"https:\/\/partner-ueber-grenzen.de\/encounter\/out-of-the-box18-easter\/","url_meta":{"origin":479,"position":3},"title":"out of the box&#8217;18 easter","author":"Ecki","date":"19. January 2018","format":false,"excerpt":"Ostern 2018 kamen 10 Sch\u00fcler*innen mit 2 Lehrer*innen der Mekaela Academies aus Ukunda zu ihrer Partnerschule GSM nach Bremen. Thema der Begegnung war\u00a0das SDG 13 sein. Die Begegnung wurde im Rahmen des ENSA-Programms der ENGAGEMENT GLOBALgGmbH mit Mitteln des Bundesministeriums f\u00fcr wirtschaftliche Zusammenarbeit und Entwicklung gef\u00f6rdert.\u00a0Wir danken allen F\u00f6rderern!! Finn\u2026","rel":"","context":"Similar post","block_context":{"text":"Similar post","link":""},"img":{"alt_text":"","src":"https:\/\/i0.wp.com\/partner-ueber-grenzen.de\/wp-content\/uploads\/2018\/01\/SDG-icon-DE-13.jpg?resize=350%2C200&ssl=1","width":350,"height":200,"srcset":"https:\/\/i0.wp.com\/partner-ueber-grenzen.de\/wp-content\/uploads\/2018\/01\/SDG-icon-DE-13.jpg?resize=350%2C200&ssl=1 1x, https:\/\/i0.wp.com\/partner-ueber-grenzen.de\/wp-content\/uploads\/2018\/01\/SDG-icon-DE-13.jpg?resize=525%2C300&ssl=1 1.5x, https:\/\/i0.wp.com\/partner-ueber-grenzen.de\/wp-content\/uploads\/2018\/01\/SDG-icon-DE-13.jpg?resize=700%2C400&ssl=1 2x"},"classes":[]},{"id":1788,"url":"https:\/\/partner-ueber-grenzen.de\/en\/about\/datenschutz\/","url_meta":{"origin":479,"position":4},"title":"Datenschutz","author":"Ecki","date":"10. November 2018","format":false,"excerpt":"Wir informieren Sie nachfolgend gem\u00e4\u00df den gesetzlichen Vorgaben des Datenschutzrechts (insb. gem\u00e4\u00df BDSG n.F. und der europ\u00e4ischen Datenschutz-Grundverordnung \u201aDS-GVO\u2018) \u00fcber die Art, den Umfang und Zweck der Verarbeitung personenbezogener Daten durch unser Unternehmen.\u00a0Diese Datenschutzerkl\u00e4rung gilt auch f\u00fcr unsere Websites und Sozial-Media-Profile. Bez\u00fcglich der Definition von Begriffen wie etwa \u201epersonenbezogene Daten\u201c\u2026","rel":"","context":"Similar post","block_context":{"text":"Similar post","link":""},"img":{"alt_text":"","src":"","width":0,"height":0},"classes":[]},{"id":639,"url":"https:\/\/partner-ueber-grenzen.de\/encounter\/out-of-the-box17_easter\/","url_meta":{"origin":479,"position":5},"title":"out of the box&#8217;17 easter","author":"Ecki","date":"11. April 2017","format":false,"excerpt":"Die erste von zwei\u00a0out of the box'17 Jugendbegegnungen\u00a0fand vom 17.April bis 7.Mai in Ukunda statt. Elf Sch\u00fcler*innen des 9. Jahrgangs der GSM, zwei ehemalige Sch\u00fcler*innen der GSM, die 2011\/12 an dem Mali-Austausch teilnahmen und zwei Lehrer*innen der Schule besuchten ihre Partnerschule an der K\u00fcste Kenias, um mit ihnen zu den\u2026","rel":"","context":"Similar post","block_context":{"text":"Similar post","link":""},"img":{"alt_text":"","src":"https:\/\/i0.wp.com\/img.youtube.com\/vi\/QnoXoJXGiIo\/0.jpg?resize=350%2C200","width":350,"height":200},"classes":[]}],"_links":{"self":[{"href":"https:\/\/partner-ueber-grenzen.de\/en\/wp-json\/wp\/v2\/pages\/479","targetHints":{"allow":["GET"]}}],"collection":[{"href":"https:\/\/partner-ueber-grenzen.de\/en\/wp-json\/wp\/v2\/pages"}],"about":[{"href":"https:\/\/partner-ueber-grenzen.de\/en\/wp-json\/wp\/v2\/types\/page"}],"author":[{"embeddable":true,"href":"https:\/\/partner-ueber-grenzen.de\/en\/wp-json\/wp\/v2\/users\/27"}],"replies":[{"embeddable":true,"href":"https:\/\/partner-ueber-grenzen.de\/en\/wp-json\/wp\/v2\/comments?post=479"}],"version-history":[{"count":1,"href":"https:\/\/partner-ueber-grenzen.de\/en\/wp-json\/wp\/v2\/pages\/479\/revisions"}],"predecessor-version":[{"id":5135,"href":"https:\/\/partner-ueber-grenzen.de\/en\/wp-json\/wp\/v2\/pages\/479\/revisions\/5135"}],"up":[{"embeddable":true,"href":"https:\/\/partner-ueber-grenzen.de\/en\/wp-json\/wp\/v2\/pages\/18"}],"wp:attachment":[{"href":"https:\/\/partner-ueber-grenzen.de\/en\/wp-json\/wp\/v2\/media?parent=479"}],"curies":[{"name":"wp","href":"https:\/\/api.w.org\/{rel}","templated":true}]}}