{"id":4346,"date":"2022-08-14T14:03:58","date_gmt":"2022-08-14T12:03:58","guid":{"rendered":"https:\/\/partner-ueber-grenzen.de\/?page_id=4346"},"modified":"2022-08-15T21:16:58","modified_gmt":"2022-08-15T19:16:58","slug":"fachkraefteaustausch-22","status":"publish","type":"page","link":"https:\/\/partner-ueber-grenzen.de\/en\/encounter\/fachkraefteaustausch-22\/","title":{"rendered":"Fachkr\u00e4fteaustausch 22"},"content":{"rendered":"<p>In Kooperation mit MYFF und dem LidiceHaus f\u00fchren wir 2022 einen Fachkr\u00e4fteaustausch in Kenia (April) und Deutschland (August) durch. Weitere Informationen dazu hier: <a href=\"https:\/\/www.startnext.com\/out-of-the-box-leader-exchange\">https:\/\/www.startnext.com\/out-of-the-box-leader-exchange<\/a><\/p>\n","protected":false},"excerpt":{"rendered":"<p>In Kooperation mit MYFF und dem LidiceHaus f\u00fchren wir 2022 einen Fachkr\u00e4fteaustausch in Kenia (April) und Deutschland (August) durch. Weitere Informationen dazu hier: https:\/\/www.startnext.com\/out-of-the-box-leader-exchange<\/p>\n","protected":false},"author":27,"featured_media":0,"parent":977,"menu_order":22,"comment_status":"closed","ping_status":"closed","template":"","meta":{"jetpack_post_was_ever_published":false,"footnotes":""},"class_list":["post-4346","page","type-page","status-publish","hentry"],"jetpack_sharing_enabled":true,"jetpack_shortlink":"https:\/\/wp.me\/P8CDKE-186","jetpack-related-posts":[{"id":977,"url":"https:\/\/partner-ueber-grenzen.de\/encounter\/","url_meta":{"origin":4346,"position":0},"title":"Begegnungen","author":"Ecki","date":"30. June 2017","format":false,"excerpt":"https:\/\/youtu.be\/x8N2_iOAO1U Die Jugendbegegnungen sind das Highlight unserer Arbeit. Das out of the box Programm wurde schon mehrfach Ausgezeichnet. Daneben unterst\u00fctzen wir aber auch weitere Formate der Begegnungen zwischen Jugendlichen aus afrikanischen L\u00e4ndern und Deutschland. Seit 2013 gibt es das Jugendaustauschprogramm\u00a0out of the box\u00a0zwischen Kenia und Deutschland. 2013 fuhr eine Sch\u00fcler*innengruppe\u2026","rel":"","context":"Similar post","block_context":{"text":"Similar post","link":""},"img":{"alt_text":"","src":"https:\/\/i0.wp.com\/img.youtube.com\/vi\/x8N2_iOAO1U\/0.jpg?resize=350%2C200","width":350,"height":200},"classes":[]},{"id":1463,"url":"https:\/\/partner-ueber-grenzen.de\/about\/geschichte\/","url_meta":{"origin":4346,"position":1},"title":"Geschichte","author":"Ecki","date":"28. April 2018","format":false,"excerpt":"Der Verein Partner:innen \u00fcber Grenzen wirkte und wirkt in diversen S\u00fcd-Nord-Projekten mit. Mehr als in anderen Beziehungen spielen in S\u00fcd-Nord-Partner:innenschaften Machtstrukturen eine nicht zu untersch\u00e4tzende Rolle. Wir reflektieren alleine und gemeinsam mit unseren Partner:innen unsere\u00a0Werte und unsere Haltungen. Wir begegnen uns mit Respekt und Empathie und sorgen daf\u00fcr, dass sich\u2026","rel":"","context":"Similar post","block_context":{"text":"Similar post","link":""},"img":{"alt_text":"","src":"","width":0,"height":0},"classes":[]},{"id":3926,"url":"https:\/\/partner-ueber-grenzen.de\/en\/encounter\/","url_meta":{"origin":4346,"position":2},"title":"Encounter","author":"Ecki","date":"30. June 2017","format":false,"excerpt":"https:\/\/youtu.be\/x8N2_iOAO1U Die Jugendbegegnungen sind das Highlight unserer Arbeit. Das out of the box Programm wurde schon mehrfach Ausgezeichnet. Daneben unterst\u00fctzen wir aber auch weitere Formate der Begegnungen zwischen Jugendlichen aus afrikanischen L\u00e4ndern und Deutschland. Seit 2013 gibt es das Jugendaustauschprogramm out of the box zwischen Kenia und Deutschland.2013 fuhr eine\u2026","rel":"","context":"Similar post","block_context":{"text":"Similar post","link":""},"img":{"alt_text":"","src":"https:\/\/i0.wp.com\/img.youtube.com\/vi\/x8N2_iOAO1U\/0.jpg?resize=350%2C200","width":350,"height":200},"classes":[]},{"id":1881,"url":"https:\/\/partner-ueber-grenzen.de\/encounter\/dsn-gsm\/","url_meta":{"origin":4346,"position":3},"title":"DSN-GSM","author":"Ecki","date":"12. March 2019","format":false,"excerpt":"Vom 1.-15. Juni 2019 besuchten\u00a015 Stipendiat*innen\u00a0der Deutschen Schule Nairobi\u00a0die\u00a0\u00a0Gesamtschule Bremen Mitte. Seitens der Bremer Schule waren\u00a020 Sch\u00fcler*innen der Jambo-Werkstatt (Jg. 5-7) und der\u00a0out of the box-Werkstatt (Jg.8-10) beteiligt. Die Begegnung\u00a0hatte den Titel: 200 Jahre Bremer Stadtmusikanten \u2022\u00a0Gemeinsam sind wir stark Am 12. Juni pr\u00e4sentierten die Sch\u00fcler*innen die Ergebnisse ihrer Gruppenarbeiten.\u2026","rel":"","context":"Similar post","block_context":{"text":"Similar post","link":""},"img":{"alt_text":"","src":"https:\/\/i0.wp.com\/img.youtube.com\/vi\/xX856vWNrpA\/0.jpg?resize=350%2C200","width":350,"height":200},"classes":[]},{"id":18,"url":"https:\/\/partner-ueber-grenzen.de\/about\/","url_meta":{"origin":4346,"position":4},"title":"\u00dcber uns","author":"partner_admin","date":"17. March 2016","format":false,"excerpt":"Ziel des Vereins: junge Menschen aus afrikanischen L\u00e4ndern und Deutschland in Kontakt bringen. Der Verein unterst\u00fctzt internationale Jugendbegegnungen der ausserschulischen Bildungsarbeit und Schulaustauschprogramme. Wer Interesse an unserer Arbeit hat, kann sich ganz einfach \u00fcber das Kontaktformular\u00a0an uns wenden. \u00a0 Sitz des gemeinn\u00fctzigen Vereins ist in Bremen. Unsere\u00a0Satzung Bankverbindung: GLS Bank\u2026","rel":"","context":"Similar post","block_context":{"text":"Similar post","link":""},"img":{"alt_text":"","src":"https:\/\/i0.wp.com\/partner-ueber-grenzen.de\/wp-content\/uploads\/2019\/07\/pug-Logo-222x203.png?resize=350%2C200&ssl=1","width":350,"height":200},"classes":[]},{"id":4150,"url":"https:\/\/partner-ueber-grenzen.de\/encounter\/out-of-the-box22\/","url_meta":{"origin":4346,"position":5},"title":"out of the box&#8217;22","author":"Ecki","date":"4. February 2022","format":false,"excerpt":"Vom 29. Oktober bis zum 18. November fuhr eine Gruppe von 10 Sch\u00fcler:innen, 2 Teamer:innen von Partner:innen \u00fcber Grenzen\u00a0und 2 Lehrer:innen der Gesamtschule Bremen Mitte zu ihrer Partnerschule, den Lulu High Schools in Ukunda (Kenia). \u00a0In Kenia hat die deutsche Gruppe mit einer kenianischen Sch\u00fcler:innengruppe zum Zusammenhang der Klimakrise und\u2026","rel":"","context":"Similar post","block_context":{"text":"Similar post","link":""},"img":{"alt_text":"","src":"https:\/\/i0.wp.com\/partner-ueber-grenzen.de\/wp-content\/uploads\/2023\/01\/Einladung-web.jpg?resize=350%2C200&ssl=1","width":350,"height":200,"srcset":"https:\/\/i0.wp.com\/partner-ueber-grenzen.de\/wp-content\/uploads\/2023\/01\/Einladung-web.jpg?resize=350%2C200&ssl=1 1x, https:\/\/i0.wp.com\/partner-ueber-grenzen.de\/wp-content\/uploads\/2023\/01\/Einladung-web.jpg?resize=525%2C300&ssl=1 1.5x, https:\/\/i0.wp.com\/partner-ueber-grenzen.de\/wp-content\/uploads\/2023\/01\/Einladung-web.jpg?resize=700%2C400&ssl=1 2x, https:\/\/i0.wp.com\/partner-ueber-grenzen.de\/wp-content\/uploads\/2023\/01\/Einladung-web.jpg?resize=1050%2C600&ssl=1 3x, https:\/\/i0.wp.com\/partner-ueber-grenzen.de\/wp-content\/uploads\/2023\/01\/Einladung-web.jpg?resize=1400%2C800&ssl=1 4x"},"classes":[]}],"_links":{"self":[{"href":"https:\/\/partner-ueber-grenzen.de\/en\/wp-json\/wp\/v2\/pages\/4346","targetHints":{"allow":["GET"]}}],"collection":[{"href":"https:\/\/partner-ueber-grenzen.de\/en\/wp-json\/wp\/v2\/pages"}],"about":[{"href":"https:\/\/partner-ueber-grenzen.de\/en\/wp-json\/wp\/v2\/types\/page"}],"author":[{"embeddable":true,"href":"https:\/\/partner-ueber-grenzen.de\/en\/wp-json\/wp\/v2\/users\/27"}],"replies":[{"embeddable":true,"href":"https:\/\/partner-ueber-grenzen.de\/en\/wp-json\/wp\/v2\/comments?post=4346"}],"version-history":[{"count":2,"href":"https:\/\/partner-ueber-grenzen.de\/en\/wp-json\/wp\/v2\/pages\/4346\/revisions"}],"predecessor-version":[{"id":4350,"href":"https:\/\/partner-ueber-grenzen.de\/en\/wp-json\/wp\/v2\/pages\/4346\/revisions\/4350"}],"up":[{"embeddable":true,"href":"https:\/\/partner-ueber-grenzen.de\/en\/wp-json\/wp\/v2\/pages\/977"}],"wp:attachment":[{"href":"https:\/\/partner-ueber-grenzen.de\/en\/wp-json\/wp\/v2\/media?parent=4346"}],"curies":[{"name":"wp","href":"https:\/\/api.w.org\/{rel}","templated":true}]}}