{"id":4180,"date":"2022-02-07T11:08:55","date_gmt":"2022-02-07T10:08:55","guid":{"rendered":"https:\/\/partner-ueber-grenzen.de\/about\/film-about-us\/"},"modified":"2022-02-07T11:08:55","modified_gmt":"2022-02-07T10:08:55","slug":"film-about-us","status":"publish","type":"page","link":"https:\/\/partner-ueber-grenzen.de\/en\/about\/film-about-us\/","title":{"rendered":"Film about us"},"content":{"rendered":"<p>Short film by<a href=\"https:\/\/ensa.engagement-global.de\" target=\"_blank\" rel=\"noopener noreferrer\">ENSA<\/a>about the encounters between the Gesamtschule Bremen Mitte and the Lulu High School in Ukunda (Kenya).<\/p>\n<div class=\"jetpack-video-wrapper\"><iframe loading=\"lazy\" title=\"ENSA-Programm: Schulpartnerschaft zwischen Bremen und Ukunda\" width=\"840\" height=\"473\" src=\"https:\/\/www.youtube.com\/embed\/sp07Py854wQ?feature=oembed\" frameborder=\"0\" allow=\"accelerometer; autoplay; clipboard-write; encrypted-media; gyroscope; picture-in-picture; web-share\" referrerpolicy=\"strict-origin-when-cross-origin\" allowfullscreen><\/iframe><\/div>\n<hr>\n<p>Documentation by <a href=\"https:\/\/global.digitalpromise.org\" target=\"_blank\" rel=\"noopener noreferrer\">Digital Promise<\/a>about our 360\u00b0 film production during the encounter <em>out of the box&#8217;18 summer.<\/em><\/p>\n<div class=\"jetpack-video-wrapper\"><iframe loading=\"lazy\" title=\"Germany-Kenya MY World 360\u00b0 Partnership\" width=\"840\" height=\"473\" src=\"https:\/\/www.youtube.com\/embed\/Rz4O89QF7ww?feature=oembed\" frameborder=\"0\" allow=\"accelerometer; autoplay; clipboard-write; encrypted-media; gyroscope; picture-in-picture; web-share\" referrerpolicy=\"strict-origin-when-cross-origin\" allowfullscreen><\/iframe><\/div>\n<hr>\n<p>Film about the student meeting <em>out of the box&#8217;18 easter<\/em> by our member Finn Sasse.<\/p>\n<div class=\"jetpack-video-wrapper\"><iframe loading=\"lazy\" title=\"out of the box&#039;18 easter documentation\" width=\"840\" height=\"473\" src=\"https:\/\/www.youtube.com\/embed\/x8N2_iOAO1U?feature=oembed\" frameborder=\"0\" allow=\"accelerometer; autoplay; clipboard-write; encrypted-media; gyroscope; picture-in-picture; web-share\" referrerpolicy=\"strict-origin-when-cross-origin\" allowfullscreen><\/iframe><\/div>\n","protected":false},"excerpt":{"rendered":"<p>Short film byENSAabout the encounters between the Gesamtschule Bremen Mitte and the Lulu High School in Ukunda (Kenya). Documentation by Digital Promiseabout our 360\u00b0 film production during the encounter out of the box&#8217;18 summer. Film about the student meeting out of the box&#8217;18 easter by our member Finn Sasse.<\/p>\n","protected":false},"author":27,"featured_media":0,"parent":4085,"menu_order":1,"comment_status":"closed","ping_status":"closed","template":"","meta":{"jetpack_post_was_ever_published":false,"footnotes":""},"class_list":["post-4180","page","type-page","status-publish","hentry"],"jetpack_sharing_enabled":true,"jetpack_shortlink":"https:\/\/wp.me\/P8CDKE-15q","jetpack-related-posts":[{"id":4129,"url":"https:\/\/partner-ueber-grenzen.de\/en\/encounter\/out-of-the-box18-summer\/","url_meta":{"origin":4180,"position":0},"title":"out of the box&#8217;18 summer","author":"Ecki","date":"6. January 2022","format":false,"excerpt":"From 22.7. the second encounter between Kenyan and German young people took place until 13.8.18. Out of the box'18 summer participants were between 17 and 24 years old. They worked on SDG 10 reduceinequalities. The results were published on August 10th. presented in the LidiceHaus (Bremen). Video clips, photographs and\u2026","rel":"","context":"Similar post","block_context":{"text":"Similar post","link":""},"img":{"alt_text":"","src":"https:\/\/i0.wp.com\/partner-ueber-grenzen.de\/wp-content\/uploads\/2018\/07\/SDG-icon-DE-10-150x150.jpg?resize=350%2C200&ssl=1","width":350,"height":200},"classes":[]},{"id":1512,"url":"https:\/\/partner-ueber-grenzen.de\/encounter\/out-of-the-box18-summer\/","url_meta":{"origin":4180,"position":1},"title":"out of the box&#8217;18 summer","author":"Ecki","date":"21. July 2018","format":false,"excerpt":"Vom 22.7. bis 13.8.18 fand\u00a0die zweite Begegnung zwischen kenianischen und deutschen jungen Menschen statt. Die Teilnehmenden von\u00a0out of the box'18 summer waren\u00a0zwischen 17 und 24 Jahre alt.\u00a0Sie arbeiteten zu dem SDG 10\u00a0weniger\u00a0Ungleichheiten.\u00a0Die Ergebnisse wurden am 10.8. im LidiceHaus (Bremen) pr\u00e4sentiert. Es entstanden Videoclips, Fotografien und ein Theaterst\u00fcck. https:\/\/youtu.be\/KlqxJOd5eO0 Ein Film\u2026","rel":"","context":"Similar post","block_context":{"text":"Similar post","link":""},"img":{"alt_text":"","src":"https:\/\/i0.wp.com\/partner-ueber-grenzen.de\/wp-content\/uploads\/2018\/08\/logo-rgb.jpg?resize=350%2C200&ssl=1","width":350,"height":200,"srcset":"https:\/\/i0.wp.com\/partner-ueber-grenzen.de\/wp-content\/uploads\/2018\/08\/logo-rgb.jpg?resize=350%2C200&ssl=1 1x, https:\/\/i0.wp.com\/partner-ueber-grenzen.de\/wp-content\/uploads\/2018\/08\/logo-rgb.jpg?resize=525%2C300&ssl=1 1.5x"},"classes":[]},{"id":4178,"url":"https:\/\/partner-ueber-grenzen.de\/en\/encounter\/out-of-the-box19\/","url_meta":{"origin":4180,"position":2},"title":"out of the box\u201919","author":"Ecki","date":"7. February 2022","format":false,"excerpt":"International Youth exchange out of the box'19 in Kenya From 07\/20\/2019 to 08\/11\/2019 10 young people from Bremen worked together with 10 young people from Nairobi SDG 1 in Kenya. They have their Experiences and perspectives on the topic are exchanged and made accessible to others using various media such\u2026","rel":"","context":"Similar post","block_context":{"text":"Similar post","link":""},"img":{"alt_text":"","src":"https:\/\/i0.wp.com\/partner-ueber-grenzen.de\/wp-content\/uploads\/2019\/08\/E_SDG-goals_icons-individual-rgb-03-150x150.jpg?resize=350%2C200&ssl=1","width":350,"height":200},"classes":[]},{"id":1224,"url":"https:\/\/partner-ueber-grenzen.de\/encounter\/out-of-the-box18-easter\/","url_meta":{"origin":4180,"position":3},"title":"out of the box&#8217;18 easter","author":"Ecki","date":"19. January 2018","format":false,"excerpt":"Ostern 2018 kamen 10 Sch\u00fcler*innen mit 2 Lehrer*innen der Mekaela Academies aus Ukunda zu ihrer Partnerschule GSM nach Bremen. Thema der Begegnung war\u00a0das SDG 13 sein. Die Begegnung wurde im Rahmen des ENSA-Programms der ENGAGEMENT GLOBALgGmbH mit Mitteln des Bundesministeriums f\u00fcr wirtschaftliche Zusammenarbeit und Entwicklung gef\u00f6rdert.\u00a0Wir danken allen F\u00f6rderern!! Finn\u2026","rel":"","context":"Similar post","block_context":{"text":"Similar post","link":""},"img":{"alt_text":"","src":"https:\/\/i0.wp.com\/partner-ueber-grenzen.de\/wp-content\/uploads\/2018\/01\/SDG-icon-DE-13.jpg?resize=350%2C200&ssl=1","width":350,"height":200,"srcset":"https:\/\/i0.wp.com\/partner-ueber-grenzen.de\/wp-content\/uploads\/2018\/01\/SDG-icon-DE-13.jpg?resize=350%2C200&ssl=1 1x, https:\/\/i0.wp.com\/partner-ueber-grenzen.de\/wp-content\/uploads\/2018\/01\/SDG-icon-DE-13.jpg?resize=525%2C300&ssl=1 1.5x, https:\/\/i0.wp.com\/partner-ueber-grenzen.de\/wp-content\/uploads\/2018\/01\/SDG-icon-DE-13.jpg?resize=700%2C400&ssl=1 2x"},"classes":[]},{"id":4111,"url":"https:\/\/partner-ueber-grenzen.de\/en\/medienarbeit\/my-world-360\/","url_meta":{"origin":4180,"position":4},"title":"MY World 360\u00b0","author":"Ecki","date":"4. January 2022","format":false,"excerpt":"Partner*innen \u00fcber Grenzen participates in the project MY World 360\u00b0. If you are between 14 and 24 and want to participate, contact us. we can support you. Creating a 360 \u00b0 video is very different from normal filming. If you speak English well, this page will help you: http:\/\/global.digitalpromise.org\/360-story-lab\/ https:\/\/youtu.be\/Rz4O89QF7ww\u2026","rel":"","context":"Similar post","block_context":{"text":"Similar post","link":""},"img":{"alt_text":"","src":"https:\/\/i0.wp.com\/partner-ueber-grenzen.de\/wp-content\/uploads\/2018\/07\/myw360.jpg?resize=350%2C200&ssl=1","width":350,"height":200,"srcset":"https:\/\/i0.wp.com\/partner-ueber-grenzen.de\/wp-content\/uploads\/2018\/07\/myw360.jpg?resize=350%2C200&ssl=1 1x, https:\/\/i0.wp.com\/partner-ueber-grenzen.de\/wp-content\/uploads\/2018\/07\/myw360.jpg?resize=525%2C300&ssl=1 1.5x, https:\/\/i0.wp.com\/partner-ueber-grenzen.de\/wp-content\/uploads\/2018\/07\/myw360.jpg?resize=700%2C400&ssl=1 2x"},"classes":[]},{"id":1838,"url":"https:\/\/partner-ueber-grenzen.de\/encounter\/out-of-the-box19\/","url_meta":{"origin":4180,"position":5},"title":"out of the box\u201919","author":"Ecki","date":"20. January 2019","format":false,"excerpt":"Internationale Jugendbegegnung out of the box'19\u00a0in Kenia Vom 20.07.2019 bis zum 11.08.2019 arbeiteten\u00a010 Jugendlichen aus Bremen gemeinsam mit 10 Jugendlichen aus Nairobi zu SDG\u00a01\u00a0in Kenia. Sie haben ihre\u00a0 Erlebnisse \u00a0und Perspektiven zu dem Thema ausgetauscht und mit\u00a0verschiedenen Medien wie Film, Fotografie, Musik und 360\u00b0-Video f\u00fcr andere zug\u00e4nglich gemacht. W\u00e4hrend der\u2026","rel":"","context":"Similar post","block_context":{"text":"Similar post","link":""},"img":{"alt_text":"","src":"https:\/\/i0.wp.com\/partner-ueber-grenzen.de\/wp-content\/uploads\/2019\/08\/E_SDG-goals_icons-individual-rgb-03-150x150.jpg?resize=350%2C200&ssl=1","width":350,"height":200},"classes":[]}],"_links":{"self":[{"href":"https:\/\/partner-ueber-grenzen.de\/en\/wp-json\/wp\/v2\/pages\/4180","targetHints":{"allow":["GET"]}}],"collection":[{"href":"https:\/\/partner-ueber-grenzen.de\/en\/wp-json\/wp\/v2\/pages"}],"about":[{"href":"https:\/\/partner-ueber-grenzen.de\/en\/wp-json\/wp\/v2\/types\/page"}],"author":[{"embeddable":true,"href":"https:\/\/partner-ueber-grenzen.de\/en\/wp-json\/wp\/v2\/users\/27"}],"replies":[{"embeddable":true,"href":"https:\/\/partner-ueber-grenzen.de\/en\/wp-json\/wp\/v2\/comments?post=4180"}],"version-history":[{"count":0,"href":"https:\/\/partner-ueber-grenzen.de\/en\/wp-json\/wp\/v2\/pages\/4180\/revisions"}],"up":[{"embeddable":true,"href":"https:\/\/partner-ueber-grenzen.de\/en\/wp-json\/wp\/v2\/pages\/4085"}],"wp:attachment":[{"href":"https:\/\/partner-ueber-grenzen.de\/en\/wp-json\/wp\/v2\/media?parent=4180"}],"curies":[{"name":"wp","href":"https:\/\/api.w.org\/{rel}","templated":true}]}}