{"id":4173,"date":"2022-02-07T10:30:56","date_gmt":"2022-02-07T09:30:56","guid":{"rendered":"https:\/\/partner-ueber-grenzen.de\/encounter\/borkum-2020\/"},"modified":"2022-02-07T10:31:13","modified_gmt":"2022-02-07T09:31:13","slug":"borkum-2020","status":"publish","type":"page","link":"https:\/\/partner-ueber-grenzen.de\/en\/encounter\/borkum-2020\/","title":{"rendered":"Borkum 2020"},"content":{"rendered":"<p>We had a completely different plan for 2020, too. Several Kenyan-German youth exchanges were approved, but everything had to be canceled due to the Corona pandemic. And so in the end we were still happy that we were able to offer one-week encounters for the respective national groups in Kenya as well as in Germany. The Kenyan group had from 3.-9. August their meeting near Nairobi, the German group from 17.-23. August on Borkum.<\/p>\n<p>Funded by ENGAGEMENT GLOBAL with funds from <img loading=\"lazy\" decoding=\"async\" data-attachment-id=\"3993\" data-permalink=\"https:\/\/partner-ueber-grenzen.de\/en\/encounter\/borkum-2020\/bmz_ze_iad_d\/\" data-orig-file=\"https:\/\/partner-ueber-grenzen.de\/wp-content\/uploads\/2021\/01\/BMZ_ZE_IAd_D.png\" data-orig-size=\"300,106\" data-comments-opened=\"0\" data-image-meta=\"{&quot;aperture&quot;:&quot;0&quot;,&quot;credit&quot;:&quot;&quot;,&quot;camera&quot;:&quot;&quot;,&quot;caption&quot;:&quot;&quot;,&quot;created_timestamp&quot;:&quot;0&quot;,&quot;copyright&quot;:&quot;&quot;,&quot;focal_length&quot;:&quot;0&quot;,&quot;iso&quot;:&quot;0&quot;,&quot;shutter_speed&quot;:&quot;0&quot;,&quot;title&quot;:&quot;&quot;,&quot;orientation&quot;:&quot;0&quot;}\" data-image-title=\"BMZ Logo\" data-image-description=\"\" data-image-caption=\"\" data-medium-file=\"https:\/\/partner-ueber-grenzen.de\/wp-content\/uploads\/2021\/01\/BMZ_ZE_IAd_D.png\" data-large-file=\"https:\/\/partner-ueber-grenzen.de\/wp-content\/uploads\/2021\/01\/BMZ_ZE_IAd_D.png\" class=\"wp-image-3993 alignnone\" src=\"https:\/\/partner-ueber-grenzen.de\/wp-content\/uploads\/2021\/01\/BMZ_ZE_IAd_D.png\" alt=\"\" width=\"161\" height=\"57\"><\/p>\n<hr>\n<p>Here is the media list for the preparation of the Borkum trip<\/p>\n<h2>White Supremacy<\/h2>\n<p>White Supremacy. History and Politics of Whiteness in the US, a page from the Center for Civic Education:<br \/>\n<a href=\"https:\/\/www.bpb.de\/apuz\/266277\/white-supremacy-geschichte-und-politik-des-weissseins-in-den-usa?p=0\" target=\"_blank\" rel=\"noopener noreferrer\">https:\/\/www.bpb.de\/apuz\/266277\/white-supremacy-geschichte-und-politik-des-weissseins-in-den-usa?p=0<\/a><\/p>\n<p>Zeit-Artikel: <strong>\u201eWhite Supremacy: Die wei\u00dfe Macht\u201c<br \/>\n<\/strong><a href=\"https:\/\/www.zeit.de\/kultur\/2019-07\/white-supremacy-donald-trump-usa-rassismus-tweets\">https:\/\/www.zeit.de\/kultur\/2019-07\/white-supremacy-donald-trump-usa-rassismus-tweets<\/a><\/p>\n<p>Deutschlandfunk Interview: <strong>&#8220;Society in America: Structural Racism and White Privilege\u201c <\/strong>(11:42 Min.)<br \/>\n<a href=\"https:\/\/www.deutschlandfunk.de\/gesellschaft-in-den-usa-struktureller-rassismus-und-weisse.694.de.html?dram:article_id=478165\">https:\/\/www.deutschlandfunk.de\/gesellschaft-in-den-usa-struktureller-rassismus-und-weisse.694.de.html?dram:article_id=478165<\/a><\/p>\n<h2>Exoticization<\/h2>\n<p><em>Freiburg-postkolonial.de<\/em> explains the term exoticism well:<br \/>\n<a href=\"http:\/\/www.freiburg-postkolonial.de\/Seiten\/2010-Danielzik-Bendix-Exotismus.htm\" target=\"_blank\" rel=\"noopener noreferrer\">http:\/\/www.freiburg-postkolonial.de\/Seiten\/2010-Danielzik-Bendix-Exotismus.htm<\/a><\/p>\n<p>A brief introduction to the lens of &#8216;Orientalism&#8217;:<strong>&#8220;Edward Said &#8211; An Introduction to Orientalism&#8221;<\/strong>(3:37 Min.)<\/p>\n<div class=\"jetpack-video-wrapper\"><iframe loading=\"lazy\" title=\"Edward Said - An Introduction to  Orientalism\" width=\"840\" height=\"473\" src=\"https:\/\/www.youtube.com\/embed\/1aNwMpV6bVs?feature=oembed\" frameborder=\"0\" allow=\"accelerometer; autoplay; clipboard-write; encrypted-media; gyroscope; picture-in-picture; web-share\" referrerpolicy=\"strict-origin-when-cross-origin\" allowfullscreen><\/iframe><\/div>\n<p>Orientalism describes the exoticization of people in the Middle East. The term comes from the literary scholar Edward Said. In his book of the same name, <em>Orientalism<\/em>, he vividly described how this form of exoticism came about, how it works and how it is maintained. That is why Orientalism can also be thought of more globally and does not only have to be related to the Middle East.<\/p>\n<h2>White Saviorism<\/h2>\n<p>Unfortunately only a fake trailer of the US comedians Amber Ruffin and Seth Meyers.<\/p>\n<div class=\"jetpack-video-wrapper\"><iframe loading=\"lazy\" title=\"White Savior: The Movie Trailer\" width=\"840\" height=\"473\" src=\"https:\/\/www.youtube.com\/embed\/T_RTnuJvg6U?feature=oembed\" frameborder=\"0\" allow=\"accelerometer; autoplay; clipboard-write; encrypted-media; gyroscope; picture-in-picture; web-share\" referrerpolicy=\"strict-origin-when-cross-origin\" allowfullscreen><\/iframe><\/div>\n<p><span lang=\"EN-US\">Doku Explained:<\/span><b><span lang=\"EN-US\"> \u201eWhite Savior Trope\u201c <\/span><\/b><span lang=\"EN-US\">(21:10 Min.)<\/span><\/p>\n<div class=\"jetpack-video-wrapper\"><iframe loading=\"lazy\" title=\"The White Savior Trope, Explained\" width=\"840\" height=\"473\" src=\"https:\/\/www.youtube.com\/embed\/w1vuhrFfEkE?feature=oembed\" frameborder=\"0\" allow=\"accelerometer; autoplay; clipboard-write; encrypted-media; gyroscope; picture-in-picture; web-share\" referrerpolicy=\"strict-origin-when-cross-origin\" allowfullscreen><\/iframe><\/div>\n<p>Why are stories about racism so often about white rescuers? In 2020, as the Black Lives Matter movement grew in the wake of the murders of George Floyd, Breonna Taylor and others, <em>The Help<\/em>experienced a resurgence and became one of the most-played films on Netflix. The 2011 film about a white woman confronting racism may be well intentioned, but &#8211; how <em>Green Book<\/em>, <em>The Blind Side<\/em> and other White Savior films before him &#8211; focuses <em>The Help<\/em> in his story to benevolent white characters rather than first-hand black perspectives. How did this trope become so persistent? Here&#8217;s our take on the dangers of the White Savior, and how we can change our own narratives and conversations to become more anti-racist ourselves.<\/p>\n<p>Thematic overlaps: Anti-racist action, white supremacy<\/p>\n<p>Website:<strong>&#8220;White Charity &#8211; Blackness &amp; Whiteness on Donation Posters&#8221;<\/strong> with a documentary (48 min.)<br \/>\n<a href=\"https:\/\/whitecharity.de\/film\/\">https:\/\/whitecharity.de\/film\/<\/a><\/p>\n<p>Podcast:<strong>\u201eWhite Saviorism &#8211; Why well intentioned is often not helpful&#8221;<\/strong> (72 min.)<br \/>\n<a href=\"https:\/\/www.feuerundbrot.de\/folgen\/astrologienachtrag-k8psn\">https:\/\/www.feuerundbrot.de\/folgen\/astrologienachtrag-k8psn<\/a><\/p>\n<p>Article: <strong>&#8220;White Savior Complex&#8221; on Instagram: Posing for a Cause&#8221;<\/strong><\/p>\n<p>https:\/\/ze.tt\/white-savior-complex-auf-instagram-posen-fuer-den-guten-zweck\/<\/p>\n<h2>Climate Justice<\/h2>\n<p>Fundamentals of climate change and climate justice<br \/>\n<a href=\"https:\/\/klimaretter.hamburg\/klimagerechtigkeit\/\" target=\"_blank\" rel=\"noopener noreferrer\">https:\/\/klimaretter.hamburg\/klimagerechtigkeit\/<\/a><\/p>\n<h3>Black perspectives on the colonial nature of the climate crisis<\/h3>\n<p>Recording of a lecture and subsequent discussion by and with Imeh Frieda Ituen and Joshua Kwesi Aikins<\/p>\n<p><iframe loading=\"lazy\" src=\"https:\/\/w.soundcloud.com\/player\/?url=https%3A\/\/api.soundcloud.com\/tracks\/682380779&amp;color=%23ff5500&amp;auto_play=false&amp;hide_related=false&amp;show_comments=true&amp;show_user=true&amp;show_reposts=false&amp;show_teaser=true&amp;visual=true\" width=\"100%\" height=\"300\" frameborder=\"no\" scrolling=\"no\"><\/iframe><br \/>\nSummary in Friday:<a href=\"https:\/\/www.freitag.de\/autoren\/jamal-tuschick\/chemisches-echo\" target=\"_blank\" rel=\"noopener noreferrer\">https:\/\/www.freitag.de\/autoren\/jamal-tuschick\/chemisches-echo<\/a><\/p>\n<p>Interview with Imeh Ituen, social scientist and climate activist<br \/>\n<a href=\"https:\/\/taz.de\/Forscherin-ueber-Klimakrise-und-Rassismus\/!5701838\/\">https:\/\/taz.de\/Forscherin-ueber-Klimakrise-und-Rassismus\/!5701838\/<\/a><\/p>\n<div class=\"jetpack-video-wrapper\"><iframe loading=\"lazy\" title=\"Wie rassistisch ist die deutsche Klimabewegung?\" width=\"840\" height=\"473\" src=\"https:\/\/www.youtube.com\/embed\/Y9aMF8waanM?feature=oembed\" frameborder=\"0\" allow=\"accelerometer; autoplay; clipboard-write; encrypted-media; gyroscope; picture-in-picture; web-share\" referrerpolicy=\"strict-origin-when-cross-origin\" allowfullscreen><\/iframe><\/div>\n<h2>The fairy tale of eye level<\/h2>\n<p>Glokal has published a book of the same name<br \/>\n<a href=\"https:\/\/www.glokal.org\/publikationen\/das-maerchen-von-der-augenhoehe\/\" target=\"_blank\" rel=\"noopener noreferrer\">https:\/\/www.glokal.org\/publikationen\/das-maerchen-von-der-augenhoehe\/<br \/>\n<\/a>You can borrow them in the LidiceHaus \ud83d\ude09<\/p>\n<h2>How can you act anti-racist<\/h2>\n<p>Article by Jule B\u00f6nkost<\/p>\n<blockquote class=\"wp-embedded-content\" data-secret=\"mB4AvEENUK\"><p><a href=\"https:\/\/editionf.com\/rassismuskritisch-handeln-fuer-weisse\/\">\u201eDarf ich das \u00fcberhaupt?\u201c \u2013 Um Rassismus zu \u00fcberwinden, m\u00fcssen Wei\u00dfe rassismuskritisch handeln<\/a><\/p><\/blockquote>\n<p><iframe loading=\"lazy\" class=\"wp-embedded-content\" sandbox=\"allow-scripts\" security=\"restricted\" style=\"position: absolute; clip: rect(1px, 1px, 1px, 1px);\" title=\"&#8222;\u201eDarf ich das \u00fcberhaupt?\u201c \u2013 Um Rassismus zu \u00fcberwinden, m\u00fcssen Wei\u00dfe rassismuskritisch handeln&#8220; &#8212; EDITION F\" src=\"https:\/\/editionf.com\/rassismuskritisch-handeln-fuer-weisse\/embed\/#?secret=mB4AvEENUK\" data-secret=\"mB4AvEENUK\" width=\"600\" height=\"338\" frameborder=\"0\" marginwidth=\"0\" marginheight=\"0\" scrolling=\"no\"><\/iframe><\/p>\n<p><span class=\"figure__text\">Jule B\u00f6nkost: <span class=\"figure__title\">&#8220;Oh, I&#8217;m white&#8221;<\/span><\/span><br \/>\n<iframe loading=\"lazy\" src=\"\/\/players.brightcove.net\/18140073001\/NykzeyfYg_default\/index.html?videoId=6170114940001\" width=\"300\" height=\"150\" frameborder=\"0\" allowfullscreen=\"allowfullscreen\" data-mce-fragment=\"1\"><\/iframe><\/p>\n<h3> Collections of ideas<\/h3>\n<p>Tips for anti-racist action:<br \/>\n<a href=\"https:\/\/www.watson.de\/deutschland\/best%20of%20watson\/512091681-blackouttuesday-wie-ihr-wirklich-antirassistisch-handelt\">https:\/\/www.watson.de\/deutschland\/best%20of%20watson\/512091681-blackouttuesday-wie-ihr-wirklich-antirassistisch-handelt<br \/>\n<\/a><a href=\"https:\/\/www.amadeu-antonio-stiftung.de\/rassismus\/das-koennen-sie-tun\/\">https:\/\/www.amadeu-antonio-stiftung.de\/rassismus\/das-koennen-sie-tun\/<\/a><\/p>\n<p>for listening:<br \/>\nDeutschlandfunk Nova in conversation with the author Alice Hasters: &#8220;We need anti-racism education&#8221; (39 min.)<br \/>\n<a href=\"https:\/\/www.deutschlandfunknova.de\/beitrag\/alice-hasters-wir-brauchen-rassismus-kritische-bildung\">https:\/\/www.deutschlandfunknova.de\/beitrag\/alice-hasters-wir-brauchen-rassismus-kritische-bildung<\/a><\/p>\n<p>Deutschlandfunk Nova in conversation with the scientist Josephine Apraku: &#8220;We are racially socialized&#8221; (39 min.)<br \/>\n<a href=\"https:\/\/www.deutschlandfunknova.de\/beitrag\/josephine-apraku-wir-sind-rassistisch-sozialisiert\">https:\/\/www.deutschlandfunknova.de\/beitrag\/josephine-apraku-wir-sind-rassistisch-sozialisiert<\/a><\/p>\n<p>Deutschlandfunk Nova Anti-Racism: We can do that in everyday life (6:13 min.)<br \/>\n<a href=\"https:\/\/www.deutschlandfunknova.de\/beitrag\/anti-rassismus-das-koennen-wir-im-alltag-tun\">https:\/\/www.deutschlandfunknova.de\/beitrag\/anti-rassismus-das-koennen-wir-im-alltag-tun<\/a><\/p>\n<p>Selected links to podcasts that give people of color a voice in Germany<br \/>\n<a href=\"https:\/\/www.jetzt.de\/kultur\/diese-podcasts-geben-people-of-color-in-deutschland-eine-stimme\">https:\/\/www.jetzt.de\/kultur\/diese-podcasts-geben-people-of-color-in-deutschland-eine-stimme<\/a><\/p>\n<h1>About our topics in general<\/h1>\n<p>we recommend the Deutschlandradio<strong>Denkfabrik<\/strong><em><strong>Eine Welt 2.0 \u2013 Dekolonisiert euch!<\/strong><br \/>\n<\/em><a href=\"https:\/\/www.deutschlandradio.de\/denkfabrik.3633.de.html\" target=\"_blank\" rel=\"noopener noreferrer\">https:\/\/www.deutschlandradio.de\/denkfabrik.3633.de.html<\/a><\/p>\n<p>and the <strong>Projekt Weltverbesserer<\/strong> the same broadcaster. In particular, the fictitious email interview:<em>Die bessere Welt als Marketingaufgabe<br \/>\n<\/em><a href=\"https:\/\/www.deutschlandfunk.de\/interviewer-leif-randt-die-bessere-welt-als-marketingaufgabe.1184.de.html?dram:article_id=479585\" target=\"_blank\" rel=\"noopener noreferrer\">https:\/\/www.deutschlandfunk.de\/interviewer-leif-randt-die-bessere-welt-als-marketingaufgabe.1184.de.html?dram:article_id=479585<br \/>\n<\/a>and the report:<em>The ideas are there, but we&#8217;re not quite there yet:<\/em> <em>Why utopias fail<\/em><br \/>\n<a href=\"https:\/\/www.deutschlandfunk.de\/die-ideen-sind-da-doch-wir-noch-nicht-so-weit-warum-utopien.1184.de.html?dram:article_id=479615\" target=\"_blank\" rel=\"noopener noreferrer\">https:\/\/www.deutschlandfunk.de\/die-ideen-sind-da-doch-wir-noch-nicht-so-weit-warum-utopien.1184.de.html?dram:article_id=479615<\/a><\/p>\n<p>The manual (or audio book)<strong>Exit Racism<\/strong>by Tupoka Ogette to understand the emergence, structures and modes of action of racism in Germany and the other selected materials:<br \/>\n<a href=\"https:\/\/exitracism.de\/materialien.html\">https:\/\/exitracism.de\/materialien.html<\/a><\/p>\n<p>&nbsp;<\/p>\n","protected":false},"excerpt":{"rendered":"<p>We had a completely different plan for 2020, too. Several Kenyan-German youth exchanges were approved, but everything had to be canceled due to the Corona pandemic. And so in the end we were still happy that we were able to offer one-week encounters for the respective national groups in Kenya as well as in Germany. &hellip; <a href=\"https:\/\/partner-ueber-grenzen.de\/en\/encounter\/borkum-2020\/\" class=\"more-link\">Continue reading<span class=\"screen-reader-text\"> &#8220;Borkum 2020&#8221;<\/span><\/a><\/p>\n","protected":false},"author":27,"featured_media":0,"parent":3926,"menu_order":20,"comment_status":"closed","ping_status":"closed","template":"","meta":{"jetpack_post_was_ever_published":false,"footnotes":""},"class_list":["post-4173","page","type-page","status-publish","hentry"],"jetpack_sharing_enabled":true,"jetpack_shortlink":"https:\/\/wp.me\/P8CDKE-15j","jetpack-related-posts":[{"id":3055,"url":"https:\/\/partner-ueber-grenzen.de\/encounter\/borkum-2020\/","url_meta":{"origin":4173,"position":0},"title":"Borkum 2020","author":"Ecki","date":"26. July 2020","format":false,"excerpt":"Auch bei uns war 2020 ganz anders geplant. Mehrere kenianisch-deutsche Jugendbegegnungen waren bewilligt, alles musst aufgrund der Corona-Pandemie abgesagt werden. Und so waren wir am Ende doch noch gl\u00fccklich, dass wir sowohl in Kenia, als auch in Deutschland jeweils eine\u00a0einw\u00f6chige Begegnungen f\u00fcr die jeweiligen Landesgruppen anbieten konnten. Die kenianische Gruppe\u2026","rel":"","context":"Similar post","block_context":{"text":"Similar post","link":""},"img":{"alt_text":"","src":"https:\/\/i0.wp.com\/partner-ueber-grenzen.de\/wp-content\/uploads\/2021\/01\/BMZ_ZE_IAd_D.png?resize=350%2C200&ssl=1","width":350,"height":200},"classes":[]},{"id":4179,"url":"https:\/\/partner-ueber-grenzen.de\/en\/encounter\/dsn-gsm\/","url_meta":{"origin":4173,"position":1},"title":"DSN-GSM","author":"Ecki","date":"7. February 2022","format":false,"excerpt":"From 1st to 15th In June 2019, 15 scholarship holders from the German School in Nairobi visited the Gesamtschule Bremen Mitte. On the part of the Bremen school, 20 students from the Jambo workshop (years 5-7) and theout of the boxworkshop (years 8-10) were involved. The exchange had the tittle:\u2026","rel":"","context":"Similar post","block_context":{"text":"Similar post","link":""},"img":{"alt_text":"","src":"https:\/\/i0.wp.com\/img.youtube.com\/vi\/xX856vWNrpA\/0.jpg?resize=350%2C200","width":350,"height":200},"classes":[]},{"id":4019,"url":"https:\/\/partner-ueber-grenzen.de\/en\/encounter\/out-of-the-box21\/","url_meta":{"origin":4173,"position":2},"title":"out of the box&#8217;21","author":"Ecki","date":"10. February 2021","format":false,"excerpt":"This year we are again organizing 3-week youth exchanges between Kenya and Germany. A school encounter with the Lulu High School in Kenya and the GSM in Bremen in October. This encounter is being prepared in the schools. And an out-of-school encounter with MYFF in Germany in August. This is\u2026","rel":"","context":"Similar post","block_context":{"text":"Similar post","link":""},"img":{"alt_text":"","src":"https:\/\/i0.wp.com\/partner-ueber-grenzen.de\/wp-content\/uploads\/2021\/02\/Borkum-2020.jpg?resize=350%2C200&ssl=1","width":350,"height":200},"classes":[]},{"id":4956,"url":"https:\/\/partner-ueber-grenzen.de\/en\/encounter\/out-of-the-box25\/","url_meta":{"origin":4173,"position":3},"title":"out of the box&#8217;25","author":"Ecki","date":"23. April 2025","format":false,"excerpt":"out of the box '25 is an ENSA initiation trip between St. Antony Dago Kokore Secondary School in Kisumu, Kenya, and GSM in Bremen. The aim of the meetings is to get to know each other, plan joint projects, including student exchange programmes, and establish a school partnership between the\u2026","rel":"","context":"Similar post","block_context":{"text":"Similar post","link":""},"img":{"alt_text":"Erste Begegnung w\u00e4hrend out of the box'25 in Nairobi","src":"https:\/\/i0.wp.com\/partner-ueber-grenzen.de\/wp-content\/uploads\/2025\/04\/ootb-2025-04-22.jpeg?resize=350%2C200&ssl=1","width":350,"height":200,"srcset":"https:\/\/i0.wp.com\/partner-ueber-grenzen.de\/wp-content\/uploads\/2025\/04\/ootb-2025-04-22.jpeg?resize=350%2C200&ssl=1 1x, https:\/\/i0.wp.com\/partner-ueber-grenzen.de\/wp-content\/uploads\/2025\/04\/ootb-2025-04-22.jpeg?resize=525%2C300&ssl=1 1.5x, https:\/\/i0.wp.com\/partner-ueber-grenzen.de\/wp-content\/uploads\/2025\/04\/ootb-2025-04-22.jpeg?resize=700%2C400&ssl=1 2x, https:\/\/i0.wp.com\/partner-ueber-grenzen.de\/wp-content\/uploads\/2025\/04\/ootb-2025-04-22.jpeg?resize=1050%2C600&ssl=1 3x, https:\/\/i0.wp.com\/partner-ueber-grenzen.de\/wp-content\/uploads\/2025\/04\/ootb-2025-04-22.jpeg?resize=1400%2C800&ssl=1 4x"},"classes":[]},{"id":4160,"url":"https:\/\/partner-ueber-grenzen.de\/en\/encounter\/out-of-the-box22\/","url_meta":{"origin":4173,"position":4},"title":"out of the box&#8217;22","author":"Ecki","date":"4. February 2022","format":false,"excerpt":"As from the 29th of October until the 18th of November 2022, 10 German students and 2 teachers have been invited to Kenya for an exchange program. \u00a02 German and 2 Kenyan teamers are supporting the group during the program. The program is taking place between the students of Lulu\u2026","rel":"","context":"Similar post","block_context":{"text":"Similar post","link":""},"img":{"alt_text":"","src":"https:\/\/i0.wp.com\/partner-ueber-grenzen.de\/wp-content\/uploads\/2022\/02\/E_SDG-goals_icons-individual-rgb-13-150x150.png?resize=350%2C200&ssl=1","width":350,"height":200},"classes":[]},{"id":276,"url":"https:\/\/partner-ueber-grenzen.de\/encounter\/out-of-the-box-16\/","url_meta":{"origin":4173,"position":5},"title":"out of the box &#8217;16","author":"Ecki","date":"24. April 2016","format":false,"excerpt":"Vom 21.3. bis 10.4.2016 veranstalteten wir\u00a0gemeinsam mit dem LidiceHaus, MYSA und den Mekaela Academies\u00a0die internationale Jugendbegegnung\u00a0out of the box'16. Wir konnten 15 kenianische Jugendliche im Altern zwischen 12 und 26 Jahre und\u00a0zwei Betreuer*innen nach Bremen einladen. Gemeinsam mit\u00a0Jugendliche aus unserem Verein und weiteren bremer\u00a0Jugendliche im Alter zwischen 13 und 24\u2026","rel":"","context":"Similar post","block_context":{"text":"Similar post","link":""},"img":{"alt_text":"","src":"https:\/\/i0.wp.com\/img.youtube.com\/vi\/kqxuuQJfLaU\/0.jpg?resize=350%2C200","width":350,"height":200},"classes":[]}],"_links":{"self":[{"href":"https:\/\/partner-ueber-grenzen.de\/en\/wp-json\/wp\/v2\/pages\/4173","targetHints":{"allow":["GET"]}}],"collection":[{"href":"https:\/\/partner-ueber-grenzen.de\/en\/wp-json\/wp\/v2\/pages"}],"about":[{"href":"https:\/\/partner-ueber-grenzen.de\/en\/wp-json\/wp\/v2\/types\/page"}],"author":[{"embeddable":true,"href":"https:\/\/partner-ueber-grenzen.de\/en\/wp-json\/wp\/v2\/users\/27"}],"replies":[{"embeddable":true,"href":"https:\/\/partner-ueber-grenzen.de\/en\/wp-json\/wp\/v2\/comments?post=4173"}],"version-history":[{"count":1,"href":"https:\/\/partner-ueber-grenzen.de\/en\/wp-json\/wp\/v2\/pages\/4173\/revisions"}],"predecessor-version":[{"id":4175,"href":"https:\/\/partner-ueber-grenzen.de\/en\/wp-json\/wp\/v2\/pages\/4173\/revisions\/4175"}],"up":[{"embeddable":true,"href":"https:\/\/partner-ueber-grenzen.de\/en\/wp-json\/wp\/v2\/pages\/3926"}],"wp:attachment":[{"href":"https:\/\/partner-ueber-grenzen.de\/en\/wp-json\/wp\/v2\/media?parent=4173"}],"curies":[{"name":"wp","href":"https:\/\/api.w.org\/{rel}","templated":true}]}}