{"id":4118,"date":"2022-01-04T15:20:10","date_gmt":"2022-01-04T14:20:10","guid":{"rendered":"https:\/\/partner-ueber-grenzen.de\/medienarbeit\/african-european-media-xchange\/"},"modified":"2022-01-04T15:20:18","modified_gmt":"2022-01-04T14:20:18","slug":"african-european-media-xchange","status":"publish","type":"page","link":"https:\/\/partner-ueber-grenzen.de\/en\/medienarbeit\/african-european-media-xchange\/","title":{"rendered":"african european media Xchange"},"content":{"rendered":"<p>The aim of this project is to promote dialogue between African and European countries. Individual young people, schools and youth groups can work on this website. We look forward to comments under the posts. If you want to write articles yourself, publish photos and podcasts (audio or video), then you have to contact us. We can give you editorial permissions in the backend. So you can propose topic pages yourself, for which you produce a contribution and would like answers from young African people. We look forward to every person participating.<\/p>\n<p><a href=\"https:\/\/partner-ueber-grenzen.de\/category\/mediawork\/african-european-media-xchange\/\">Click here for the articles &#8230;<\/a><\/p>\n<p>You can search specifically in the category filter.<\/p>\n","protected":false},"excerpt":{"rendered":"<p>The aim of this project is to promote dialogue between African and European countries. Individual young people, schools and youth groups can work on this website. We look forward to comments under the posts. If you want to write articles yourself, publish photos and podcasts (audio or video), then you have to contact us. We &hellip; <a href=\"https:\/\/partner-ueber-grenzen.de\/en\/medienarbeit\/african-european-media-xchange\/\" class=\"more-link\">Continue reading<span class=\"screen-reader-text\"> &#8220;african european media Xchange&#8221;<\/span><\/a><\/p>\n","protected":false},"author":27,"featured_media":0,"parent":4106,"menu_order":4,"comment_status":"closed","ping_status":"closed","template":"","meta":{"jetpack_post_was_ever_published":false,"footnotes":""},"class_list":["post-4118","page","type-page","status-publish","hentry"],"jetpack_sharing_enabled":true,"jetpack_shortlink":"https:\/\/wp.me\/P8CDKE-14q","jetpack-related-posts":[{"id":376,"url":"https:\/\/partner-ueber-grenzen.de\/medienarbeit\/african-european-media-xchange\/","url_meta":{"origin":4118,"position":0},"title":"african european media Xchange","author":"Ecki","date":"5. May 2016","format":false,"excerpt":"Ziel dieses Projektes ist,\u00a0den Dialog zwischen afrikanischen und europ\u00e4ischen L\u00e4ndern zu f\u00f6rdern. Auf dieser Website k\u00f6nnen einzelne Jugendliche, Schulen und\u00a0Jugendgruppen\u00a0mitarbeiten. Wir freuen uns \u00fcber Kommentare unter den Posts. Wollt ihr selbst Artikel schreiben, Fotos und Podcast\u00a0(Audio oder Video) ver\u00f6ffentlichen, dann m\u00fcsst ihr euch bei uns melden. Wir k\u00f6nnen euch Schreibrechte\u2026","rel":"","context":"Similar post","block_context":{"text":"Similar post","link":""},"img":{"alt_text":"","src":"","width":0,"height":0},"classes":[]},{"id":4085,"url":"https:\/\/partner-ueber-grenzen.de\/en\/about\/","url_meta":{"origin":4118,"position":1},"title":"About","author":"partner_admin","date":"9. September 2021","format":false,"excerpt":"Goal of the association: bringing young people from African countries and Germany in contact. The association supports school exchanges and international youth meetings in extracurricular education. It emerged from the Africa-Project of GSM. We usually meet every one to two months to discuss our actions. Anyone interested in participating can\u2026","rel":"","context":"Similar post","block_context":{"text":"Similar post","link":""},"img":{"alt_text":"","src":"https:\/\/i0.wp.com\/partner-ueber-grenzen.de\/wp-content\/uploads\/2019\/07\/pug-Logo-222x203.png?resize=350%2C200&ssl=1","width":350,"height":200},"classes":[]},{"id":4113,"url":"https:\/\/partner-ueber-grenzen.de\/en\/medienarbeit\/eat-or-die\/","url_meta":{"origin":4118,"position":2},"title":"Eat or die","author":"Ecki","date":"4. January 2022","format":false,"excerpt":"Seven members of our association (the \"CREATIVE SEVEN\") produced the film in the autumn of 2017 Eat or die. Metaphorically, the film shows today's power structures in the neo-colonial era. https:\/\/youtu.be\/vMlEuvR7cg4 The CREATIVE SEVEN will be happy to show the film in your institution or at your event. For this\u2026","rel":"","context":"Similar post","block_context":{"text":"Similar post","link":""},"img":{"alt_text":"","src":"https:\/\/i0.wp.com\/img.youtube.com\/vi\/vMlEuvR7cg4\/0.jpg?resize=350%2C200","width":350,"height":200},"classes":[]},{"id":4019,"url":"https:\/\/partner-ueber-grenzen.de\/en\/encounter\/out-of-the-box21\/","url_meta":{"origin":4118,"position":3},"title":"out of the box&#8217;21","author":"Ecki","date":"10. February 2021","format":false,"excerpt":"This year we are again organizing 3-week youth exchanges between Kenya and Germany. A school encounter with the Lulu High School in Kenya and the GSM in Bremen in October. This encounter is being prepared in the schools. And an out-of-school encounter with MYFF in Germany in August. This is\u2026","rel":"","context":"Similar post","block_context":{"text":"Similar post","link":""},"img":{"alt_text":"","src":"https:\/\/i0.wp.com\/partner-ueber-grenzen.de\/wp-content\/uploads\/2021\/02\/Borkum-2020.jpg?resize=350%2C200&ssl=1","width":350,"height":200},"classes":[]},{"id":4173,"url":"https:\/\/partner-ueber-grenzen.de\/en\/encounter\/borkum-2020\/","url_meta":{"origin":4118,"position":4},"title":"Borkum 2020","author":"Ecki","date":"7. February 2022","format":false,"excerpt":"We had a completely different plan for 2020, too. Several Kenyan-German youth exchanges were approved, but everything had to be canceled due to the Corona pandemic. And so in the end we were still happy that we were able to offer one-week encounters for the respective national groups in Kenya\u2026","rel":"","context":"Similar post","block_context":{"text":"Similar post","link":""},"img":{"alt_text":"","src":"https:\/\/i0.wp.com\/partner-ueber-grenzen.de\/wp-content\/uploads\/2021\/01\/BMZ_ZE_IAd_D.png?resize=350%2C200&ssl=1","width":350,"height":200},"classes":[]},{"id":4178,"url":"https:\/\/partner-ueber-grenzen.de\/en\/encounter\/out-of-the-box19\/","url_meta":{"origin":4118,"position":5},"title":"out of the box\u201919","author":"Ecki","date":"7. February 2022","format":false,"excerpt":"International Youth exchange out of the box'19 in Kenya From 07\/20\/2019 to 08\/11\/2019 10 young people from Bremen worked together with 10 young people from Nairobi SDG 1 in Kenya. They have their Experiences and perspectives on the topic are exchanged and made accessible to others using various media such\u2026","rel":"","context":"Similar post","block_context":{"text":"Similar post","link":""},"img":{"alt_text":"","src":"https:\/\/i0.wp.com\/partner-ueber-grenzen.de\/wp-content\/uploads\/2019\/08\/E_SDG-goals_icons-individual-rgb-03-150x150.jpg?resize=350%2C200&ssl=1","width":350,"height":200},"classes":[]}],"_links":{"self":[{"href":"https:\/\/partner-ueber-grenzen.de\/en\/wp-json\/wp\/v2\/pages\/4118","targetHints":{"allow":["GET"]}}],"collection":[{"href":"https:\/\/partner-ueber-grenzen.de\/en\/wp-json\/wp\/v2\/pages"}],"about":[{"href":"https:\/\/partner-ueber-grenzen.de\/en\/wp-json\/wp\/v2\/types\/page"}],"author":[{"embeddable":true,"href":"https:\/\/partner-ueber-grenzen.de\/en\/wp-json\/wp\/v2\/users\/27"}],"replies":[{"embeddable":true,"href":"https:\/\/partner-ueber-grenzen.de\/en\/wp-json\/wp\/v2\/comments?post=4118"}],"version-history":[{"count":1,"href":"https:\/\/partner-ueber-grenzen.de\/en\/wp-json\/wp\/v2\/pages\/4118\/revisions"}],"predecessor-version":[{"id":4119,"href":"https:\/\/partner-ueber-grenzen.de\/en\/wp-json\/wp\/v2\/pages\/4118\/revisions\/4119"}],"up":[{"embeddable":true,"href":"https:\/\/partner-ueber-grenzen.de\/en\/wp-json\/wp\/v2\/pages\/4106"}],"wp:attachment":[{"href":"https:\/\/partner-ueber-grenzen.de\/en\/wp-json\/wp\/v2\/media?parent=4118"}],"curies":[{"name":"wp","href":"https:\/\/api.w.org\/{rel}","templated":true}]}}