{"id":4115,"date":"2022-01-04T15:03:47","date_gmt":"2022-01-04T14:03:47","guid":{"rendered":"https:\/\/partner-ueber-grenzen.de\/medienarbeit\/water-is-life\/"},"modified":"2022-02-04T19:49:14","modified_gmt":"2022-02-04T18:49:14","slug":"water-is-life","status":"publish","type":"page","link":"https:\/\/partner-ueber-grenzen.de\/en\/medienarbeit\/water-is-life\/","title":{"rendered":"Water is life"},"content":{"rendered":"<figure id=\"attachment_3330\" aria-describedby=\"caption-attachment-3330\" style=\"width: 840px\" class=\"wp-caption alignright\"><img loading=\"lazy\" decoding=\"async\" class=\"size-large wp-image-948\" src=\"https:\/\/partner-ueber-grenzen.de\/wp-content\/uploads\/2017\/06\/20170506-DSC_0737-1024x318.jpg\" alt=\"\" width=\"840\" height=\"261\" srcset=\"https:\/\/partner-ueber-grenzen.de\/wp-content\/uploads\/2017\/06\/20170506-DSC_0737-1024x318.jpg 1024w, https:\/\/partner-ueber-grenzen.de\/wp-content\/uploads\/2017\/06\/20170506-DSC_0737-300x93.jpg 300w, https:\/\/partner-ueber-grenzen.de\/wp-content\/uploads\/2017\/06\/20170506-DSC_0737-768x238.jpg 768w, https:\/\/partner-ueber-grenzen.de\/wp-content\/uploads\/2017\/06\/20170506-DSC_0737-1200x372.jpg 1200w, https:\/\/partner-ueber-grenzen.de\/wp-content\/uploads\/2017\/06\/20170506-DSC_0737.jpg 1999w\" sizes=\"auto, (max-width: 709px) 85vw, (max-width: 909px) 67vw, (max-width: 1362px) 62vw, 840px\" \/><figcaption id=\"caption-attachment-3330\" class=\"wp-caption-text\">Exhibition in Nairobi<\/figcaption><\/figure>\n<p>Take part in the photo project <em>Water is life. <\/em>Photograph a suitable motive and write a short text about it. We shall upload your products to the dedicated website:<a href=\"http:\/\/kenya-germanphotoproject.weebly.com\/\">http:\/\/kenya-germanphotoproject.weebly.com<\/a><\/p>\n<p>This is a project which was started in 2017 by <a href=\"http:\/\/myffworldwide.weebly.com\">Mathare Youth Film Festival<\/a> (Nairobi), <a href=\"http:\/\/www.matharefoundation.org\">Mathare Foundation<\/a> (Nairobi), The <a href=\"http:\/\/www.dsnairobi.de\" target=\"_blank\" rel=\"noopener noreferrer\">Deutsche Schule Nairobi<\/a> and Partner*innen \u00fcber Grenzen (Bremen), with the participation of <a href=\"http:\/\/mutoto.de\">Mutoto.<\/a> (Lubumbashi\/M\u00fcnster)<\/p>\n<p>Young people from Kenya, the DR Congo and Germany take photos on the subject <em>Wasser ist Leben<\/em>. On May 6, 2017 there was an exhibition in the German School <strong>Nairobi<\/strong> (Kenya) and from 9. &#8211; 30. June 2017 in EuropaPunkt <strong>Bremen<\/strong>.<\/p>\n<figure id=\"attachment_3332\" aria-describedby=\"caption-attachment-3332\" style=\"width: 840px\" class=\"wp-caption alignright\"><img loading=\"lazy\" decoding=\"async\" class=\"size-large wp-image-958\" src=\"https:\/\/partner-ueber-grenzen.de\/wp-content\/uploads\/2017\/06\/20170609-DSC_3930-1024x634.jpg\" alt=\"\" width=\"840\" height=\"520\" srcset=\"https:\/\/partner-ueber-grenzen.de\/wp-content\/uploads\/2017\/06\/20170609-DSC_3930-1024x634.jpg 1024w, https:\/\/partner-ueber-grenzen.de\/wp-content\/uploads\/2017\/06\/20170609-DSC_3930-300x186.jpg 300w, https:\/\/partner-ueber-grenzen.de\/wp-content\/uploads\/2017\/06\/20170609-DSC_3930-768x476.jpg 768w, https:\/\/partner-ueber-grenzen.de\/wp-content\/uploads\/2017\/06\/20170609-DSC_3930-1200x743.jpg 1200w, https:\/\/partner-ueber-grenzen.de\/wp-content\/uploads\/2017\/06\/20170609-DSC_3930.jpg 1608w\" sizes=\"auto, (max-width: 709px) 85vw, (max-width: 909px) 67vw, (max-width: 1362px) 62vw, 840px\" \/><figcaption id=\"caption-attachment-3332\" class=\"wp-caption-text\">Maji ni uhai &#8211; Exhibition opening in Bremen on 9.6.2017<\/figcaption><\/figure>\n<p>Send a text and photo (in high resolution) to one of the addresses indicated on the website:<a href=\"http:\/\/kenya-germanphotoproject.weebly.com\/contact.html\">http:\/\/kenya-germanphotoproject.weebly.com\/contact.html<br \/>\n<\/a>Better through <a href=\"https:\/\/wetransfer.com\/\">WeTransfer.com<\/a><\/p>\n<p>&nbsp;<\/p>\n<h3>Two photos of the exhibition:<\/h3>\n<p>&nbsp;<\/p>\n<figure id=\"attachment_3327\" aria-describedby=\"caption-attachment-3327\" style=\"width: 840px\" class=\"wp-caption alignright\"><img loading=\"lazy\" decoding=\"async\" class=\"size-large wp-image-886\" src=\"https:\/\/partner-ueber-grenzen.de\/wp-content\/uploads\/2017\/05\/DSC_0224-1-1024x683.jpg\" alt=\"\" width=\"840\" height=\"560\" srcset=\"https:\/\/partner-ueber-grenzen.de\/wp-content\/uploads\/2017\/05\/DSC_0224-1-1024x683.jpg 1024w, https:\/\/partner-ueber-grenzen.de\/wp-content\/uploads\/2017\/05\/DSC_0224-1-300x200.jpg 300w, https:\/\/partner-ueber-grenzen.de\/wp-content\/uploads\/2017\/05\/DSC_0224-1-768x512.jpg 768w, https:\/\/partner-ueber-grenzen.de\/wp-content\/uploads\/2017\/05\/DSC_0224-1-1200x800.jpg 1200w\" sizes=\"auto, (max-width: 709px) 85vw, (max-width: 909px) 67vw, (max-width: 1362px) 62vw, 840px\" \/><figcaption id=\"caption-attachment-3327\" class=\"wp-caption-text\">Rehema Mwaka (10 years, Kenya): Two boys carry water on their shoulder in Mabatini, Mathare slums, Nairobi<\/figcaption><\/figure>\n<figure id=\"attachment_3328\" aria-describedby=\"caption-attachment-3328\" style=\"width: 840px\" class=\"wp-caption alignright\"><img loading=\"lazy\" decoding=\"async\" class=\"size-large wp-image-887\" src=\"https:\/\/partner-ueber-grenzen.de\/wp-content\/uploads\/2017\/05\/DSC_0838-1024x685.jpg\" alt=\"\" width=\"840\" height=\"562\" srcset=\"https:\/\/partner-ueber-grenzen.de\/wp-content\/uploads\/2017\/05\/DSC_0838-1024x685.jpg 1024w, https:\/\/partner-ueber-grenzen.de\/wp-content\/uploads\/2017\/05\/DSC_0838-300x201.jpg 300w, https:\/\/partner-ueber-grenzen.de\/wp-content\/uploads\/2017\/05\/DSC_0838-768x514.jpg 768w, https:\/\/partner-ueber-grenzen.de\/wp-content\/uploads\/2017\/05\/DSC_0838-1200x803.jpg 1200w\" sizes=\"auto, (max-width: 709px) 85vw, (max-width: 909px) 67vw, (max-width: 1362px) 62vw, 840px\" \/><figcaption id=\"caption-attachment-3328\" class=\"wp-caption-text\">Tom Himmelreich (14 years): In Germany, the average water consumption is 120 litres. But only 3 liters are used for drinking<\/figcaption><\/figure>\n<p>&nbsp;<\/p>\n<p>&nbsp;<\/p>\n<div class=\"mceTemp\"><\/div>\n","protected":false},"excerpt":{"rendered":"<p>Take part in the photo project Water is life. Photograph a suitable motive and write a short text about it. We shall upload your products to the dedicated website:http:\/\/kenya-germanphotoproject.weebly.com This is a project which was started in 2017 by Mathare Youth Film Festival (Nairobi), Mathare Foundation (Nairobi), The Deutsche Schule Nairobi and Partner*innen \u00fcber Grenzen &hellip; <a href=\"https:\/\/partner-ueber-grenzen.de\/en\/medienarbeit\/water-is-life\/\" class=\"more-link\">Continue reading<span class=\"screen-reader-text\"> &#8220;Water is life&#8221;<\/span><\/a><\/p>\n","protected":false},"author":27,"featured_media":0,"parent":4106,"menu_order":3,"comment_status":"closed","ping_status":"closed","template":"","meta":{"jetpack_post_was_ever_published":false,"footnotes":""},"class_list":["post-4115","page","type-page","status-publish","hentry"],"jetpack_sharing_enabled":true,"jetpack_shortlink":"https:\/\/wp.me\/P8CDKE-14n","jetpack-related-posts":[{"id":858,"url":"https:\/\/partner-ueber-grenzen.de\/medienarbeit\/maji_ni_uhai\/","url_meta":{"origin":4115,"position":0},"title":"Wasser ist Leben","author":"Ecki","date":"8. May 2017","format":false,"excerpt":"Macht mit bei dem Fotoprojekt\u00a0Wasser ist Leben.\u00a0Fotografiert ein passendes Motiv und schreibt dazu einen kurzen Text. Wir laden eure Produkte auf die daf\u00fcr eingerichtete Website:\u00a0http:\/\/kenya-germanphotoproject.weebly.com Dies ist ein Projekt welches\u00a0Mathare Youth Film Festival (Nairobi), Mathare Foundation (Nairobi), die Deutsche Schule Nairobi und Partner*innen \u00fcber Grenzen (Bremen), unter Beteiligung von Mutoto\u2026","rel":"","context":"Similar post","block_context":{"text":"Similar post","link":""},"img":{"alt_text":"","src":"https:\/\/i0.wp.com\/partner-ueber-grenzen.de\/wp-content\/uploads\/2017\/06\/20170506-DSC_0737-1024x318.jpg?resize=350%2C200&ssl=1","width":350,"height":200,"srcset":"https:\/\/i0.wp.com\/partner-ueber-grenzen.de\/wp-content\/uploads\/2017\/06\/20170506-DSC_0737-1024x318.jpg?resize=350%2C200&ssl=1 1x, https:\/\/i0.wp.com\/partner-ueber-grenzen.de\/wp-content\/uploads\/2017\/06\/20170506-DSC_0737-1024x318.jpg?resize=525%2C300&ssl=1 1.5x, https:\/\/i0.wp.com\/partner-ueber-grenzen.de\/wp-content\/uploads\/2017\/06\/20170506-DSC_0737-1024x318.jpg?resize=700%2C400&ssl=1 2x"},"classes":[]},{"id":1838,"url":"https:\/\/partner-ueber-grenzen.de\/encounter\/out-of-the-box19\/","url_meta":{"origin":4115,"position":1},"title":"out of the box\u201919","author":"Ecki","date":"20. January 2019","format":false,"excerpt":"Internationale Jugendbegegnung out of the box'19\u00a0in Kenia Vom 20.07.2019 bis zum 11.08.2019 arbeiteten\u00a010 Jugendlichen aus Bremen gemeinsam mit 10 Jugendlichen aus Nairobi zu SDG\u00a01\u00a0in Kenia. Sie haben ihre\u00a0 Erlebnisse \u00a0und Perspektiven zu dem Thema ausgetauscht und mit\u00a0verschiedenen Medien wie Film, Fotografie, Musik und 360\u00b0-Video f\u00fcr andere zug\u00e4nglich gemacht. W\u00e4hrend der\u2026","rel":"","context":"Similar post","block_context":{"text":"Similar post","link":""},"img":{"alt_text":"","src":"https:\/\/i0.wp.com\/partner-ueber-grenzen.de\/wp-content\/uploads\/2019\/08\/E_SDG-goals_icons-individual-rgb-03-150x150.jpg?resize=350%2C200&ssl=1","width":350,"height":200},"classes":[]},{"id":4956,"url":"https:\/\/partner-ueber-grenzen.de\/en\/encounter\/out-of-the-box25\/","url_meta":{"origin":4115,"position":2},"title":"out of the box&#8217;25","author":"Ecki","date":"23. April 2025","format":false,"excerpt":"out of the box '25 is an ENSA initiation trip between St. Antony Dago Kokore Secondary School in Kisumu, Kenya, and GSM in Bremen. The aim of the meetings is to get to know each other, plan joint projects, including student exchange programmes, and establish a school partnership between the\u2026","rel":"","context":"Similar post","block_context":{"text":"Similar post","link":""},"img":{"alt_text":"Erste Begegnung w\u00e4hrend out of the box'25 in Nairobi","src":"https:\/\/i0.wp.com\/partner-ueber-grenzen.de\/wp-content\/uploads\/2025\/04\/ootb-2025-04-22.jpeg?resize=350%2C200&ssl=1","width":350,"height":200,"srcset":"https:\/\/i0.wp.com\/partner-ueber-grenzen.de\/wp-content\/uploads\/2025\/04\/ootb-2025-04-22.jpeg?resize=350%2C200&ssl=1 1x, https:\/\/i0.wp.com\/partner-ueber-grenzen.de\/wp-content\/uploads\/2025\/04\/ootb-2025-04-22.jpeg?resize=525%2C300&ssl=1 1.5x, https:\/\/i0.wp.com\/partner-ueber-grenzen.de\/wp-content\/uploads\/2025\/04\/ootb-2025-04-22.jpeg?resize=700%2C400&ssl=1 2x, https:\/\/i0.wp.com\/partner-ueber-grenzen.de\/wp-content\/uploads\/2025\/04\/ootb-2025-04-22.jpeg?resize=1050%2C600&ssl=1 3x, https:\/\/i0.wp.com\/partner-ueber-grenzen.de\/wp-content\/uploads\/2025\/04\/ootb-2025-04-22.jpeg?resize=1400%2C800&ssl=1 4x"},"classes":[]},{"id":4019,"url":"https:\/\/partner-ueber-grenzen.de\/en\/encounter\/out-of-the-box21\/","url_meta":{"origin":4115,"position":3},"title":"out of the box&#8217;21","author":"Ecki","date":"10. February 2021","format":false,"excerpt":"This year we are again organizing 3-week youth exchanges between Kenya and Germany. A school encounter with the Lulu High School in Kenya and the GSM in Bremen in October. This encounter is being prepared in the schools. And an out-of-school encounter with MYFF in Germany in August. This is\u2026","rel":"","context":"Similar post","block_context":{"text":"Similar post","link":""},"img":{"alt_text":"","src":"https:\/\/i0.wp.com\/partner-ueber-grenzen.de\/wp-content\/uploads\/2021\/02\/Borkum-2020.jpg?resize=350%2C200&ssl=1","width":350,"height":200},"classes":[]},{"id":3975,"url":"https:\/\/partner-ueber-grenzen.de\/en\/medienarbeit\/we-are-global-citizens\/","url_meta":{"origin":4115,"position":4},"title":"WE ARE GLOBAL CITIZENS","author":"Ecki","date":"22. December 2020","format":false,"excerpt":"Any answer is welcome. Partner across Borders is closley related to the Gesamtschule Mitte in Bremen. This school is a UNESCO ASPnet School. The German UNESCO school project started the WE ARE GLOBAL CITIZENS project in May 2020, in which international communication on Covid-19 is initiated with the help of\u2026","rel":"","context":"Similar post","block_context":{"text":"Similar post","link":""},"img":{"alt_text":"","src":"https:\/\/i0.wp.com\/partner-ueber-grenzen.de\/wp-content\/uploads\/2020\/05\/MG_9990-300x169.jpg?resize=350%2C200&ssl=1","width":350,"height":200,"srcset":"https:\/\/i0.wp.com\/partner-ueber-grenzen.de\/wp-content\/uploads\/2020\/05\/MG_9990-300x169.jpg?resize=350%2C200&ssl=1 1x, https:\/\/i0.wp.com\/partner-ueber-grenzen.de\/wp-content\/uploads\/2020\/05\/MG_9990-300x169.jpg?resize=525%2C300&ssl=1 1.5x, https:\/\/i0.wp.com\/partner-ueber-grenzen.de\/wp-content\/uploads\/2020\/05\/MG_9990-300x169.jpg?resize=700%2C400&ssl=1 2x, https:\/\/i0.wp.com\/partner-ueber-grenzen.de\/wp-content\/uploads\/2020\/05\/MG_9990-300x169.jpg?resize=1050%2C600&ssl=1 3x, https:\/\/i0.wp.com\/partner-ueber-grenzen.de\/wp-content\/uploads\/2020\/05\/MG_9990-300x169.jpg?resize=1400%2C800&ssl=1 4x"},"classes":[]},{"id":4178,"url":"https:\/\/partner-ueber-grenzen.de\/en\/encounter\/out-of-the-box19\/","url_meta":{"origin":4115,"position":5},"title":"out of the box\u201919","author":"Ecki","date":"7. February 2022","format":false,"excerpt":"International Youth exchange out of the box'19 in Kenya From 07\/20\/2019 to 08\/11\/2019 10 young people from Bremen worked together with 10 young people from Nairobi SDG 1 in Kenya. They have their Experiences and perspectives on the topic are exchanged and made accessible to others using various media such\u2026","rel":"","context":"Similar post","block_context":{"text":"Similar post","link":""},"img":{"alt_text":"","src":"https:\/\/i0.wp.com\/partner-ueber-grenzen.de\/wp-content\/uploads\/2019\/08\/E_SDG-goals_icons-individual-rgb-03-150x150.jpg?resize=350%2C200&ssl=1","width":350,"height":200},"classes":[]}],"_links":{"self":[{"href":"https:\/\/partner-ueber-grenzen.de\/en\/wp-json\/wp\/v2\/pages\/4115","targetHints":{"allow":["GET"]}}],"collection":[{"href":"https:\/\/partner-ueber-grenzen.de\/en\/wp-json\/wp\/v2\/pages"}],"about":[{"href":"https:\/\/partner-ueber-grenzen.de\/en\/wp-json\/wp\/v2\/types\/page"}],"author":[{"embeddable":true,"href":"https:\/\/partner-ueber-grenzen.de\/en\/wp-json\/wp\/v2\/users\/27"}],"replies":[{"embeddable":true,"href":"https:\/\/partner-ueber-grenzen.de\/en\/wp-json\/wp\/v2\/comments?post=4115"}],"version-history":[{"count":2,"href":"https:\/\/partner-ueber-grenzen.de\/en\/wp-json\/wp\/v2\/pages\/4115\/revisions"}],"predecessor-version":[{"id":4117,"href":"https:\/\/partner-ueber-grenzen.de\/en\/wp-json\/wp\/v2\/pages\/4115\/revisions\/4117"}],"up":[{"embeddable":true,"href":"https:\/\/partner-ueber-grenzen.de\/en\/wp-json\/wp\/v2\/pages\/4106"}],"wp:attachment":[{"href":"https:\/\/partner-ueber-grenzen.de\/en\/wp-json\/wp\/v2\/media?parent=4115"}],"curies":[{"name":"wp","href":"https:\/\/api.w.org\/{rel}","templated":true}]}}