{"id":4113,"date":"2022-01-04T14:50:38","date_gmt":"2022-01-04T13:50:38","guid":{"rendered":"https:\/\/partner-ueber-grenzen.de\/medienarbeit\/eat-or-die\/"},"modified":"2022-01-04T14:50:43","modified_gmt":"2022-01-04T13:50:43","slug":"eat-or-die","status":"publish","type":"page","link":"https:\/\/partner-ueber-grenzen.de\/en\/medienarbeit\/eat-or-die\/","title":{"rendered":"Eat or die"},"content":{"rendered":"<p>Seven members of our association (the &#8220;CREATIVE SEVEN&#8221;) produced the film in the autumn of 2017 <em>Eat or die<\/em>. Metaphorically, the film shows today&#8217;s power structures in the neo-colonial era.<\/p>\n<div class=\"jetpack-video-wrapper\"><iframe loading=\"lazy\" title=\"Friss oder Stirb\" width=\"840\" height=\"473\" src=\"https:\/\/www.youtube.com\/embed\/vMlEuvR7cg4?feature=oembed\" frameborder=\"0\" allow=\"accelerometer; autoplay; clipboard-write; encrypted-media; gyroscope; picture-in-picture; web-share\" referrerpolicy=\"strict-origin-when-cross-origin\" allowfullscreen><\/iframe><\/div>\n<p>The CREATIVE SEVEN will be happy to show the film in your institution or at your event. For this purpose, some of the filmmakers may come to you for an allowance for expences and then conduct a guided conversation with the audience, possibly also group work. This has already been carried out successfully in several schools, at a short film festival, during ENSA conferences.<\/p>\n<p>If you are interested in it, we would be delighted if you contact us <a href=\"https:\/\/partner-ueber-grenzen.de\/about\/contact\/\">Kontaktformular<\/a> through this.<\/p>\n<p>You can also use the film without the filmmakers. The CREATIVE SEVEN recommend the following:<br \/>\n<em>We realize that we are only reproducing an excerpt from a large global construct. In our opinion, everyone should pause for a few moments and ask themselves.<\/em><br \/>\n<em>Where do I stand in this structure?<\/em><br \/>\n<em>How do I influence it through my consumption and choice behavior?<\/em><br \/>\n<em>How should it actually be?<\/em><br \/>\n<em>What could be changed, how? and what would I have to do?<\/em><\/p>\n<p><em>We hope the film is thought-provoking and we look forward to any kind of constructive criticism.<\/em><\/p>\n<p><em>Your<\/em><br \/>\n<em>CREATIVE SEVEN<\/em><\/p>\n","protected":false},"excerpt":{"rendered":"<p>Seven members of our association (the &#8220;CREATIVE SEVEN&#8221;) produced the film in the autumn of 2017 Eat or die. Metaphorically, the film shows today&#8217;s power structures in the neo-colonial era. The CREATIVE SEVEN will be happy to show the film in your institution or at your event. For this purpose, some of the filmmakers may &hellip; <a href=\"https:\/\/partner-ueber-grenzen.de\/en\/medienarbeit\/eat-or-die\/\" class=\"more-link\">Continue reading<span class=\"screen-reader-text\"> &#8220;Eat or die&#8221;<\/span><\/a><\/p>\n","protected":false},"author":27,"featured_media":0,"parent":4106,"menu_order":2,"comment_status":"closed","ping_status":"closed","template":"","meta":{"jetpack_post_was_ever_published":false,"footnotes":""},"class_list":["post-4113","page","type-page","status-publish","hentry"],"jetpack_sharing_enabled":true,"jetpack_shortlink":"https:\/\/wp.me\/P8CDKE-14l","jetpack-related-posts":[{"id":1838,"url":"https:\/\/partner-ueber-grenzen.de\/encounter\/out-of-the-box19\/","url_meta":{"origin":4113,"position":0},"title":"out of the box\u201919","author":"Ecki","date":"20. January 2019","format":false,"excerpt":"Internationale Jugendbegegnung out of the box'19\u00a0in Kenia Vom 20.07.2019 bis zum 11.08.2019 arbeiteten\u00a010 Jugendlichen aus Bremen gemeinsam mit 10 Jugendlichen aus Nairobi zu SDG\u00a01\u00a0in Kenia. Sie haben ihre\u00a0 Erlebnisse \u00a0und Perspektiven zu dem Thema ausgetauscht und mit\u00a0verschiedenen Medien wie Film, Fotografie, Musik und 360\u00b0-Video f\u00fcr andere zug\u00e4nglich gemacht. W\u00e4hrend der\u2026","rel":"","context":"Similar post","block_context":{"text":"Similar post","link":""},"img":{"alt_text":"","src":"https:\/\/i0.wp.com\/partner-ueber-grenzen.de\/wp-content\/uploads\/2019\/08\/E_SDG-goals_icons-individual-rgb-03-150x150.jpg?resize=350%2C200&ssl=1","width":350,"height":200},"classes":[]},{"id":1528,"url":"https:\/\/partner-ueber-grenzen.de\/medienarbeit\/my-world-360\/","url_meta":{"origin":4113,"position":1},"title":"MY World 360\u00b0","author":"Ecki","date":"22. July 2018","format":false,"excerpt":"Partner*innen \u00fcber Grenzen nimmt an dem Projekt MY World 360\u00b0 teil. Wenn ihr zwischen 14 und 24 seid und mitmachen wollt, meldet euch bei uns. Wir k\u00f6nnen euch unterst\u00fctzen. Einen 360\u00b0 Video zu erstellen ist etwas ganz anderes als bisheriges Filmen. Wenn ihr gut englisch sprecht, hilft euch diese Seite\u2026","rel":"","context":"Similar post","block_context":{"text":"Similar post","link":""},"img":{"alt_text":"","src":"https:\/\/i0.wp.com\/partner-ueber-grenzen.de\/wp-content\/uploads\/2018\/07\/myw360.jpg?resize=350%2C200&ssl=1","width":350,"height":200,"srcset":"https:\/\/i0.wp.com\/partner-ueber-grenzen.de\/wp-content\/uploads\/2018\/07\/myw360.jpg?resize=350%2C200&ssl=1 1x, https:\/\/i0.wp.com\/partner-ueber-grenzen.de\/wp-content\/uploads\/2018\/07\/myw360.jpg?resize=525%2C300&ssl=1 1.5x, https:\/\/i0.wp.com\/partner-ueber-grenzen.de\/wp-content\/uploads\/2018\/07\/myw360.jpg?resize=700%2C400&ssl=1 2x"},"classes":[]},{"id":4111,"url":"https:\/\/partner-ueber-grenzen.de\/en\/medienarbeit\/my-world-360\/","url_meta":{"origin":4113,"position":2},"title":"MY World 360\u00b0","author":"Ecki","date":"4. January 2022","format":false,"excerpt":"Partner*innen \u00fcber Grenzen participates in the project MY World 360\u00b0. If you are between 14 and 24 and want to participate, contact us. we can support you. Creating a 360 \u00b0 video is very different from normal filming. If you speak English well, this page will help you: http:\/\/global.digitalpromise.org\/360-story-lab\/ https:\/\/youtu.be\/Rz4O89QF7ww\u2026","rel":"","context":"Similar post","block_context":{"text":"Similar post","link":""},"img":{"alt_text":"","src":"https:\/\/i0.wp.com\/partner-ueber-grenzen.de\/wp-content\/uploads\/2018\/07\/myw360.jpg?resize=350%2C200&ssl=1","width":350,"height":200,"srcset":"https:\/\/i0.wp.com\/partner-ueber-grenzen.de\/wp-content\/uploads\/2018\/07\/myw360.jpg?resize=350%2C200&ssl=1 1x, https:\/\/i0.wp.com\/partner-ueber-grenzen.de\/wp-content\/uploads\/2018\/07\/myw360.jpg?resize=525%2C300&ssl=1 1.5x, https:\/\/i0.wp.com\/partner-ueber-grenzen.de\/wp-content\/uploads\/2018\/07\/myw360.jpg?resize=700%2C400&ssl=1 2x"},"classes":[]},{"id":4019,"url":"https:\/\/partner-ueber-grenzen.de\/en\/encounter\/out-of-the-box21\/","url_meta":{"origin":4113,"position":3},"title":"out of the box&#8217;21","author":"Ecki","date":"10. February 2021","format":false,"excerpt":"This year we are again organizing 3-week youth exchanges between Kenya and Germany. A school encounter with the Lulu High School in Kenya and the GSM in Bremen in October. This encounter is being prepared in the schools. And an out-of-school encounter with MYFF in Germany in August. This is\u2026","rel":"","context":"Similar post","block_context":{"text":"Similar post","link":""},"img":{"alt_text":"","src":"https:\/\/i0.wp.com\/partner-ueber-grenzen.de\/wp-content\/uploads\/2021\/02\/Borkum-2020.jpg?resize=350%2C200&ssl=1","width":350,"height":200},"classes":[]},{"id":4173,"url":"https:\/\/partner-ueber-grenzen.de\/en\/encounter\/borkum-2020\/","url_meta":{"origin":4113,"position":4},"title":"Borkum 2020","author":"Ecki","date":"7. February 2022","format":false,"excerpt":"We had a completely different plan for 2020, too. Several Kenyan-German youth exchanges were approved, but everything had to be canceled due to the Corona pandemic. And so in the end we were still happy that we were able to offer one-week encounters for the respective national groups in Kenya\u2026","rel":"","context":"Similar post","block_context":{"text":"Similar post","link":""},"img":{"alt_text":"","src":"https:\/\/i0.wp.com\/partner-ueber-grenzen.de\/wp-content\/uploads\/2021\/01\/BMZ_ZE_IAd_D.png?resize=350%2C200&ssl=1","width":350,"height":200},"classes":[]},{"id":4106,"url":"https:\/\/partner-ueber-grenzen.de\/en\/medienarbeit\/","url_meta":{"origin":4113,"position":5},"title":"Media Work","author":"Mohamed Mwinyi Mwalamba","date":"14. December 2016","format":false,"excerpt":"Media is used creatively in our youth work. Films are in particular planned, shot and edited together. In this website you will find Films and photos that were taken in different contexts. Click here for more YouTube Channel... Media work Categories... Our first Fotoprojekt began in 2017. Young people from\u2026","rel":"","context":"Similar post","block_context":{"text":"Similar post","link":""},"img":{"alt_text":"out of the box'16","src":"https:\/\/i0.wp.com\/partner-ueber-grenzen.de\/wp-content\/uploads\/2016\/12\/Film20160401-DSC_5800-1024x678.jpg?resize=350%2C200&ssl=1","width":350,"height":200,"srcset":"https:\/\/i0.wp.com\/partner-ueber-grenzen.de\/wp-content\/uploads\/2016\/12\/Film20160401-DSC_5800-1024x678.jpg?resize=350%2C200&ssl=1 1x, https:\/\/i0.wp.com\/partner-ueber-grenzen.de\/wp-content\/uploads\/2016\/12\/Film20160401-DSC_5800-1024x678.jpg?resize=525%2C300&ssl=1 1.5x, https:\/\/i0.wp.com\/partner-ueber-grenzen.de\/wp-content\/uploads\/2016\/12\/Film20160401-DSC_5800-1024x678.jpg?resize=700%2C400&ssl=1 2x"},"classes":[]}],"_links":{"self":[{"href":"https:\/\/partner-ueber-grenzen.de\/en\/wp-json\/wp\/v2\/pages\/4113","targetHints":{"allow":["GET"]}}],"collection":[{"href":"https:\/\/partner-ueber-grenzen.de\/en\/wp-json\/wp\/v2\/pages"}],"about":[{"href":"https:\/\/partner-ueber-grenzen.de\/en\/wp-json\/wp\/v2\/types\/page"}],"author":[{"embeddable":true,"href":"https:\/\/partner-ueber-grenzen.de\/en\/wp-json\/wp\/v2\/users\/27"}],"replies":[{"embeddable":true,"href":"https:\/\/partner-ueber-grenzen.de\/en\/wp-json\/wp\/v2\/comments?post=4113"}],"version-history":[{"count":1,"href":"https:\/\/partner-ueber-grenzen.de\/en\/wp-json\/wp\/v2\/pages\/4113\/revisions"}],"predecessor-version":[{"id":4114,"href":"https:\/\/partner-ueber-grenzen.de\/en\/wp-json\/wp\/v2\/pages\/4113\/revisions\/4114"}],"up":[{"embeddable":true,"href":"https:\/\/partner-ueber-grenzen.de\/en\/wp-json\/wp\/v2\/pages\/4106"}],"wp:attachment":[{"href":"https:\/\/partner-ueber-grenzen.de\/en\/wp-json\/wp\/v2\/media?parent=4113"}],"curies":[{"name":"wp","href":"https:\/\/api.w.org\/{rel}","templated":true}]}}