{"id":4111,"date":"2022-01-04T14:36:10","date_gmt":"2022-01-04T13:36:10","guid":{"rendered":"https:\/\/partner-ueber-grenzen.de\/medienarbeit\/my-world-360\/"},"modified":"2022-01-04T14:36:25","modified_gmt":"2022-01-04T13:36:25","slug":"my-world-360","status":"publish","type":"page","link":"https:\/\/partner-ueber-grenzen.de\/en\/medienarbeit\/my-world-360\/","title":{"rendered":"MY World 360\u00b0"},"content":{"rendered":"<p><a href=\"https:\/\/sdgactioncampaign.org\/myworld360\/\" target=\"_blank\" rel=\"noopener noreferrer\"><img loading=\"lazy\" decoding=\"async\" class=\"alignright size-full wp-image-1527\" src=\"https:\/\/partner-ueber-grenzen.de\/wp-content\/uploads\/2018\/07\/myw360.jpg\" alt=\"\" width=\"764\" height=\"281\" srcset=\"https:\/\/partner-ueber-grenzen.de\/wp-content\/uploads\/2018\/07\/myw360.jpg 764w, https:\/\/partner-ueber-grenzen.de\/wp-content\/uploads\/2018\/07\/myw360-300x110.jpg 300w\" sizes=\"auto, (max-width: 764px) 85vw, 764px\" \/><\/a><\/p>\n<p>Partner*innen \u00fcber Grenzen participates in the project <a href=\"https:\/\/sdgactioncampaign.org\/myworld360\/\" target=\"_blank\" rel=\"noopener noreferrer\">MY World 360\u00b0.<\/a> If you are between 14 and 24 and want to participate, contact us. we can support you.<\/p>\n<p>Creating a 360 \u00b0 video is very different from normal filming. If you speak English well, this page will help you: <a href=\"https:\/\/sdgactioncampaign.org\/myworld360\/\" target=\"_blank\" rel=\"noopener noreferrer\">http:\/\/global.digitalpromise.org\/360-story-lab\/<\/a><\/p>\n<div class=\"jetpack-video-wrapper\"><iframe loading=\"lazy\" title=\"Germany-Kenya MY World 360\u00b0 Partnership\" width=\"840\" height=\"473\" src=\"https:\/\/www.youtube.com\/embed\/Rz4O89QF7ww?feature=oembed\" frameborder=\"0\" allow=\"accelerometer; autoplay; clipboard-write; encrypted-media; gyroscope; picture-in-picture; web-share\" referrerpolicy=\"strict-origin-when-cross-origin\" allowfullscreen><\/iframe><\/div>\n<p>During the Kenyan-German encounter <a href=\"https:\/\/partner-ueber-grenzen.de\/out-of-the-box\/out-of-the-box18-summer\/\">out of the box&#8217;18 summer<\/a> the result of the film &#8220;Said through the flower&#8221;, a film about privileges. Digital Promise watch a movie about that <em>making of<\/em> the production<\/p>\n<p>Here you can see our fist film <a href=\"https:\/\/partner-ueber-grenzen.de\/category\/mediawork\/my-world-360\/\">Watch&#8230;<\/a><\/p>\n","protected":false},"excerpt":{"rendered":"<p>Partner*innen \u00fcber Grenzen participates in the project MY World 360\u00b0. If you are between 14 and 24 and want to participate, contact us. we can support you. Creating a 360 \u00b0 video is very different from normal filming. If you speak English well, this page will help you: http:\/\/global.digitalpromise.org\/360-story-lab\/ During the Kenyan-German encounter out of &hellip; <a href=\"https:\/\/partner-ueber-grenzen.de\/en\/medienarbeit\/my-world-360\/\" class=\"more-link\">Continue reading<span class=\"screen-reader-text\"> &#8220;MY World 360\u00b0&#8221;<\/span><\/a><\/p>\n","protected":false},"author":27,"featured_media":0,"parent":4106,"menu_order":1,"comment_status":"closed","ping_status":"closed","template":"","meta":{"jetpack_post_was_ever_published":false,"footnotes":""},"class_list":["post-4111","page","type-page","status-publish","hentry"],"jetpack_sharing_enabled":true,"jetpack_shortlink":"https:\/\/wp.me\/P8CDKE-14j","jetpack-related-posts":[{"id":1528,"url":"https:\/\/partner-ueber-grenzen.de\/medienarbeit\/my-world-360\/","url_meta":{"origin":4111,"position":0},"title":"MY World 360\u00b0","author":"Ecki","date":"22. July 2018","format":false,"excerpt":"Partner*innen \u00fcber Grenzen nimmt an dem Projekt MY World 360\u00b0 teil. Wenn ihr zwischen 14 und 24 seid und mitmachen wollt, meldet euch bei uns. Wir k\u00f6nnen euch unterst\u00fctzen. Einen 360\u00b0 Video zu erstellen ist etwas ganz anderes als bisheriges Filmen. Wenn ihr gut englisch sprecht, hilft euch diese Seite\u2026","rel":"","context":"Similar post","block_context":{"text":"Similar post","link":""},"img":{"alt_text":"","src":"https:\/\/i0.wp.com\/partner-ueber-grenzen.de\/wp-content\/uploads\/2018\/07\/myw360.jpg?resize=350%2C200&ssl=1","width":350,"height":200,"srcset":"https:\/\/i0.wp.com\/partner-ueber-grenzen.de\/wp-content\/uploads\/2018\/07\/myw360.jpg?resize=350%2C200&ssl=1 1x, https:\/\/i0.wp.com\/partner-ueber-grenzen.de\/wp-content\/uploads\/2018\/07\/myw360.jpg?resize=525%2C300&ssl=1 1.5x, https:\/\/i0.wp.com\/partner-ueber-grenzen.de\/wp-content\/uploads\/2018\/07\/myw360.jpg?resize=700%2C400&ssl=1 2x"},"classes":[]},{"id":4129,"url":"https:\/\/partner-ueber-grenzen.de\/en\/encounter\/out-of-the-box18-summer\/","url_meta":{"origin":4111,"position":1},"title":"out of the box&#8217;18 summer","author":"Ecki","date":"6. January 2022","format":false,"excerpt":"From 22.7. the second encounter between Kenyan and German young people took place until 13.8.18. Out of the box'18 summer participants were between 17 and 24 years old. They worked on SDG 10 reduceinequalities. The results were published on August 10th. presented in the LidiceHaus (Bremen). Video clips, photographs and\u2026","rel":"","context":"Similar post","block_context":{"text":"Similar post","link":""},"img":{"alt_text":"","src":"https:\/\/i0.wp.com\/partner-ueber-grenzen.de\/wp-content\/uploads\/2018\/07\/SDG-icon-DE-10-150x150.jpg?resize=350%2C200&ssl=1","width":350,"height":200},"classes":[]},{"id":1838,"url":"https:\/\/partner-ueber-grenzen.de\/encounter\/out-of-the-box19\/","url_meta":{"origin":4111,"position":2},"title":"out of the box\u201919","author":"Ecki","date":"20. January 2019","format":false,"excerpt":"Internationale Jugendbegegnung out of the box'19\u00a0in Kenia Vom 20.07.2019 bis zum 11.08.2019 arbeiteten\u00a010 Jugendlichen aus Bremen gemeinsam mit 10 Jugendlichen aus Nairobi zu SDG\u00a01\u00a0in Kenia. Sie haben ihre\u00a0 Erlebnisse \u00a0und Perspektiven zu dem Thema ausgetauscht und mit\u00a0verschiedenen Medien wie Film, Fotografie, Musik und 360\u00b0-Video f\u00fcr andere zug\u00e4nglich gemacht. W\u00e4hrend der\u2026","rel":"","context":"Similar post","block_context":{"text":"Similar post","link":""},"img":{"alt_text":"","src":"https:\/\/i0.wp.com\/partner-ueber-grenzen.de\/wp-content\/uploads\/2019\/08\/E_SDG-goals_icons-individual-rgb-03-150x150.jpg?resize=350%2C200&ssl=1","width":350,"height":200},"classes":[]},{"id":4180,"url":"https:\/\/partner-ueber-grenzen.de\/en\/about\/film-about-us\/","url_meta":{"origin":4111,"position":3},"title":"Film about us","author":"Ecki","date":"7. February 2022","format":false,"excerpt":"Short film byENSAabout the encounters between the Gesamtschule Bremen Mitte and the Lulu High School in Ukunda (Kenya). https:\/\/youtu.be\/sp07Py854wQ Documentation by Digital Promiseabout our 360\u00b0 film production during the encounter out of the box'18 summer. https:\/\/youtu.be\/Rz4O89QF7ww Film about the student meeting out of the box'18 easter by our member Finn\u2026","rel":"","context":"Similar post","block_context":{"text":"Similar post","link":""},"img":{"alt_text":"","src":"https:\/\/i0.wp.com\/img.youtube.com\/vi\/sp07Py854wQ\/0.jpg?resize=350%2C200","width":350,"height":200},"classes":[]},{"id":4178,"url":"https:\/\/partner-ueber-grenzen.de\/en\/encounter\/out-of-the-box19\/","url_meta":{"origin":4111,"position":4},"title":"out of the box\u201919","author":"Ecki","date":"7. February 2022","format":false,"excerpt":"International Youth exchange out of the box'19 in Kenya From 07\/20\/2019 to 08\/11\/2019 10 young people from Bremen worked together with 10 young people from Nairobi SDG 1 in Kenya. They have their Experiences and perspectives on the topic are exchanged and made accessible to others using various media such\u2026","rel":"","context":"Similar post","block_context":{"text":"Similar post","link":""},"img":{"alt_text":"","src":"https:\/\/i0.wp.com\/partner-ueber-grenzen.de\/wp-content\/uploads\/2019\/08\/E_SDG-goals_icons-individual-rgb-03-150x150.jpg?resize=350%2C200&ssl=1","width":350,"height":200},"classes":[]},{"id":2658,"url":"https:\/\/partner-ueber-grenzen.de\/about\/filme-ueber-uns\/","url_meta":{"origin":4111,"position":5},"title":"Filme \u00fcber uns","author":"Ecki","date":"26. October 2019","format":false,"excerpt":"Kurzfilm von ENSA \u00fcber die Begegnungen zwischen der Gesamtschule Bremen Mitte und der Lulu High School in Ukunda (Kenia). https:\/\/youtu.be\/sp07Py854wQ Film zur Sch\u00fcler*innenbegegnung out of the box'18 easter von unserem Mitglied Finn Sasse. https:\/\/youtu.be\/x8N2_iOAO1U Vier exemplarische Stimme einer Begegnung. https:\/\/youtu.be\/typTis959fg Dokumentation von Digital Promise \u00fcber unsere 360\u00b0 Filmproduktion w\u00e4hrend der\u2026","rel":"","context":"Similar post","block_context":{"text":"Similar post","link":""},"img":{"alt_text":"","src":"https:\/\/i0.wp.com\/img.youtube.com\/vi\/sp07Py854wQ\/0.jpg?resize=350%2C200","width":350,"height":200},"classes":[]}],"_links":{"self":[{"href":"https:\/\/partner-ueber-grenzen.de\/en\/wp-json\/wp\/v2\/pages\/4111","targetHints":{"allow":["GET"]}}],"collection":[{"href":"https:\/\/partner-ueber-grenzen.de\/en\/wp-json\/wp\/v2\/pages"}],"about":[{"href":"https:\/\/partner-ueber-grenzen.de\/en\/wp-json\/wp\/v2\/types\/page"}],"author":[{"embeddable":true,"href":"https:\/\/partner-ueber-grenzen.de\/en\/wp-json\/wp\/v2\/users\/27"}],"replies":[{"embeddable":true,"href":"https:\/\/partner-ueber-grenzen.de\/en\/wp-json\/wp\/v2\/comments?post=4111"}],"version-history":[{"count":1,"href":"https:\/\/partner-ueber-grenzen.de\/en\/wp-json\/wp\/v2\/pages\/4111\/revisions"}],"predecessor-version":[{"id":4112,"href":"https:\/\/partner-ueber-grenzen.de\/en\/wp-json\/wp\/v2\/pages\/4111\/revisions\/4112"}],"up":[{"embeddable":true,"href":"https:\/\/partner-ueber-grenzen.de\/en\/wp-json\/wp\/v2\/pages\/4106"}],"wp:attachment":[{"href":"https:\/\/partner-ueber-grenzen.de\/en\/wp-json\/wp\/v2\/media?parent=4111"}],"curies":[{"name":"wp","href":"https:\/\/api.w.org\/{rel}","templated":true}]}}