{"id":4106,"date":"2016-12-14T13:13:44","date_gmt":"2016-12-14T12:13:44","guid":{"rendered":"https:\/\/partner-ueber-grenzen.de\/medienarbeit\/"},"modified":"2022-01-04T13:49:42","modified_gmt":"2022-01-04T12:49:42","slug":"medienarbeit","status":"publish","type":"page","link":"https:\/\/partner-ueber-grenzen.de\/en\/medienarbeit\/","title":{"rendered":"Media Work"},"content":{"rendered":"<p>Media is used creatively in our youth work. Films are in particular planned, shot and edited together. In this website you will find Films and photos that were taken in different contexts.<\/p>\n<p>Click here for more <a href=\"https:\/\/m.youtube.com\/channel\/UCsEm5sae3zPi9Mf3G810NfA\">YouTube Channel&#8230;<\/a><\/p>\n<p><a href=\"https:\/\/partner-ueber-grenzen.de\/category\/mediawork\/\">Media work Categories<\/a><a href=\"https:\/\/partner-ueber-grenzen.de\/category\/mediawork\/\">&#8230;<\/a><\/p>\n<figure id=\"attachment_3252\" aria-describedby=\"caption-attachment-3252\" style=\"width: 840px\" class=\"wp-caption alignright\"><img loading=\"lazy\" decoding=\"async\" class=\"size-large wp-image-567\" src=\"https:\/\/partner-ueber-grenzen.de\/wp-content\/uploads\/2016\/12\/Film20160401-DSC_5800-1024x678.jpg\" alt=\"out of the box'16\" width=\"840\" height=\"556\" srcset=\"https:\/\/partner-ueber-grenzen.de\/wp-content\/uploads\/2016\/12\/Film20160401-DSC_5800-1024x678.jpg 1024w, https:\/\/partner-ueber-grenzen.de\/wp-content\/uploads\/2016\/12\/Film20160401-DSC_5800-300x199.jpg 300w, https:\/\/partner-ueber-grenzen.de\/wp-content\/uploads\/2016\/12\/Film20160401-DSC_5800-768x509.jpg 768w, https:\/\/partner-ueber-grenzen.de\/wp-content\/uploads\/2016\/12\/Film20160401-DSC_5800-1200x795.jpg 1200w, https:\/\/partner-ueber-grenzen.de\/wp-content\/uploads\/2016\/12\/Film20160401-DSC_5800.jpg 1812w\" sizes=\"auto, (max-width: 709px) 85vw, (max-width: 909px) 67vw, (max-width: 1362px) 62vw, 840px\" \/><figcaption id=\"caption-attachment-3252\" class=\"wp-caption-text\">out of the box&#8217;16<\/figcaption><\/figure>\n<p>Our first <strong>Fotoprojekt<\/strong> began in 2017. Young people from Kenya, DR Congo and Germany made photographs on the themes <em>Water is life. <\/em><a href=\"https:\/\/partner-ueber-grenzen.de\/medienarbeit\/maji_ni_uhai\/\">Read more&#8230;<img loading=\"lazy\" decoding=\"async\" class=\"alignright size-large wp-image-970\" src=\"https:\/\/partner-ueber-grenzen.de\/wp-content\/uploads\/2017\/06\/wasser_ist_leben-1024x682.jpg\" alt=\"\" width=\"840\" height=\"559\" srcset=\"https:\/\/partner-ueber-grenzen.de\/wp-content\/uploads\/2017\/06\/wasser_ist_leben-1024x682.jpg 1024w, https:\/\/partner-ueber-grenzen.de\/wp-content\/uploads\/2017\/06\/wasser_ist_leben-300x200.jpg 300w, https:\/\/partner-ueber-grenzen.de\/wp-content\/uploads\/2017\/06\/wasser_ist_leben-768x512.jpg 768w, https:\/\/partner-ueber-grenzen.de\/wp-content\/uploads\/2017\/06\/wasser_ist_leben-1200x800.jpg 1200w, https:\/\/partner-ueber-grenzen.de\/wp-content\/uploads\/2017\/06\/wasser_ist_leben.jpg 1772w\" sizes=\"auto, (max-width: 709px) 85vw, (max-width: 909px) 67vw, (max-width: 1362px) 62vw, 840px\" \/><\/a><\/p>\n<p>We recommend the following page to everyone who is going to a country in the global south and wants to work with media there:<a href=\"https:\/\/www.radiaid.com\/social-media-guide\" target=\"_blank\" rel=\"noopener\">https:\/\/www.radiaid.com\/social-media-guide<\/a><\/p>\n","protected":false},"excerpt":{"rendered":"<p>Media is used creatively in our youth work. Films are in particular planned, shot and edited together. In this website you will find Films and photos that were taken in different contexts. Click here for more YouTube Channel&#8230; Media work Categories&#8230; Our first Fotoprojekt began in 2017. Young people from Kenya, DR Congo and Germany &hellip; <a href=\"https:\/\/partner-ueber-grenzen.de\/en\/medienarbeit\/\" class=\"more-link\">Continue reading<span class=\"screen-reader-text\"> &#8220;Media Work&#8221;<\/span><\/a><\/p>\n","protected":false},"author":44,"featured_media":0,"parent":0,"menu_order":20,"comment_status":"closed","ping_status":"closed","template":"","meta":{"jetpack_post_was_ever_published":false,"footnotes":""},"class_list":["post-4106","page","type-page","status-publish","hentry"],"jetpack_sharing_enabled":true,"jetpack_shortlink":"https:\/\/wp.me\/P8CDKE-14e","jetpack-related-posts":[{"id":1838,"url":"https:\/\/partner-ueber-grenzen.de\/encounter\/out-of-the-box19\/","url_meta":{"origin":4106,"position":0},"title":"out of the box\u201919","author":"Ecki","date":"20. January 2019","format":false,"excerpt":"Internationale Jugendbegegnung out of the box'19\u00a0in Kenia Vom 20.07.2019 bis zum 11.08.2019 arbeiteten\u00a010 Jugendlichen aus Bremen gemeinsam mit 10 Jugendlichen aus Nairobi zu SDG\u00a01\u00a0in Kenia. Sie haben ihre\u00a0 Erlebnisse \u00a0und Perspektiven zu dem Thema ausgetauscht und mit\u00a0verschiedenen Medien wie Film, Fotografie, Musik und 360\u00b0-Video f\u00fcr andere zug\u00e4nglich gemacht. W\u00e4hrend der\u2026","rel":"","context":"Similar post","block_context":{"text":"Similar post","link":""},"img":{"alt_text":"","src":"https:\/\/i0.wp.com\/partner-ueber-grenzen.de\/wp-content\/uploads\/2019\/08\/E_SDG-goals_icons-individual-rgb-03-150x150.jpg?resize=350%2C200&ssl=1","width":350,"height":200},"classes":[]},{"id":4178,"url":"https:\/\/partner-ueber-grenzen.de\/en\/encounter\/out-of-the-box19\/","url_meta":{"origin":4106,"position":1},"title":"out of the box\u201919","author":"Ecki","date":"7. February 2022","format":false,"excerpt":"International Youth exchange out of the box'19 in Kenya From 07\/20\/2019 to 08\/11\/2019 10 young people from Bremen worked together with 10 young people from Nairobi SDG 1 in Kenya. They have their Experiences and perspectives on the topic are exchanged and made accessible to others using various media such\u2026","rel":"","context":"Similar post","block_context":{"text":"Similar post","link":""},"img":{"alt_text":"","src":"https:\/\/i0.wp.com\/partner-ueber-grenzen.de\/wp-content\/uploads\/2019\/08\/E_SDG-goals_icons-individual-rgb-03-150x150.jpg?resize=350%2C200&ssl=1","width":350,"height":200},"classes":[]},{"id":4118,"url":"https:\/\/partner-ueber-grenzen.de\/en\/medienarbeit\/african-european-media-xchange\/","url_meta":{"origin":4106,"position":2},"title":"african european media Xchange","author":"Ecki","date":"4. January 2022","format":false,"excerpt":"The aim of this project is to promote dialogue between African and European countries. Individual young people, schools and youth groups can work on this website. We look forward to comments under the posts. If you want to write articles yourself, publish photos and podcasts (audio or video), then you\u2026","rel":"","context":"Similar post","block_context":{"text":"Similar post","link":""},"img":{"alt_text":"","src":"","width":0,"height":0},"classes":[]},{"id":4173,"url":"https:\/\/partner-ueber-grenzen.de\/en\/encounter\/borkum-2020\/","url_meta":{"origin":4106,"position":3},"title":"Borkum 2020","author":"Ecki","date":"7. February 2022","format":false,"excerpt":"We had a completely different plan for 2020, too. Several Kenyan-German youth exchanges were approved, but everything had to be canceled due to the Corona pandemic. And so in the end we were still happy that we were able to offer one-week encounters for the respective national groups in Kenya\u2026","rel":"","context":"Similar post","block_context":{"text":"Similar post","link":""},"img":{"alt_text":"","src":"https:\/\/i0.wp.com\/partner-ueber-grenzen.de\/wp-content\/uploads\/2021\/01\/BMZ_ZE_IAd_D.png?resize=350%2C200&ssl=1","width":350,"height":200},"classes":[]},{"id":4113,"url":"https:\/\/partner-ueber-grenzen.de\/en\/medienarbeit\/eat-or-die\/","url_meta":{"origin":4106,"position":4},"title":"Eat or die","author":"Ecki","date":"4. January 2022","format":false,"excerpt":"Seven members of our association (the \"CREATIVE SEVEN\") produced the film in the autumn of 2017 Eat or die. Metaphorically, the film shows today's power structures in the neo-colonial era. https:\/\/youtu.be\/vMlEuvR7cg4 The CREATIVE SEVEN will be happy to show the film in your institution or at your event. For this\u2026","rel":"","context":"Similar post","block_context":{"text":"Similar post","link":""},"img":{"alt_text":"","src":"https:\/\/i0.wp.com\/img.youtube.com\/vi\/vMlEuvR7cg4\/0.jpg?resize=350%2C200","width":350,"height":200},"classes":[]},{"id":4019,"url":"https:\/\/partner-ueber-grenzen.de\/en\/encounter\/out-of-the-box21\/","url_meta":{"origin":4106,"position":5},"title":"out of the box&#8217;21","author":"Ecki","date":"10. February 2021","format":false,"excerpt":"This year we are again organizing 3-week youth exchanges between Kenya and Germany. A school encounter with the Lulu High School in Kenya and the GSM in Bremen in October. This encounter is being prepared in the schools. And an out-of-school encounter with MYFF in Germany in August. This is\u2026","rel":"","context":"Similar post","block_context":{"text":"Similar post","link":""},"img":{"alt_text":"","src":"https:\/\/i0.wp.com\/partner-ueber-grenzen.de\/wp-content\/uploads\/2021\/02\/Borkum-2020.jpg?resize=350%2C200&ssl=1","width":350,"height":200},"classes":[]}],"_links":{"self":[{"href":"https:\/\/partner-ueber-grenzen.de\/en\/wp-json\/wp\/v2\/pages\/4106","targetHints":{"allow":["GET"]}}],"collection":[{"href":"https:\/\/partner-ueber-grenzen.de\/en\/wp-json\/wp\/v2\/pages"}],"about":[{"href":"https:\/\/partner-ueber-grenzen.de\/en\/wp-json\/wp\/v2\/types\/page"}],"author":[{"embeddable":true,"href":"https:\/\/partner-ueber-grenzen.de\/en\/wp-json\/wp\/v2\/users\/44"}],"replies":[{"embeddable":true,"href":"https:\/\/partner-ueber-grenzen.de\/en\/wp-json\/wp\/v2\/comments?post=4106"}],"version-history":[{"count":2,"href":"https:\/\/partner-ueber-grenzen.de\/en\/wp-json\/wp\/v2\/pages\/4106\/revisions"}],"predecessor-version":[{"id":4109,"href":"https:\/\/partner-ueber-grenzen.de\/en\/wp-json\/wp\/v2\/pages\/4106\/revisions\/4109"}],"wp:attachment":[{"href":"https:\/\/partner-ueber-grenzen.de\/en\/wp-json\/wp\/v2\/media?parent=4106"}],"curies":[{"name":"wp","href":"https:\/\/api.w.org\/{rel}","templated":true}]}}