{"id":3926,"date":"2017-06-30T23:06:53","date_gmt":"2017-06-30T21:06:53","guid":{"rendered":"https:\/\/partner-ueber-grenzen.de\/encounter\/"},"modified":"2022-02-07T09:28:36","modified_gmt":"2022-02-07T08:28:36","slug":"encounter","status":"publish","type":"page","link":"https:\/\/partner-ueber-grenzen.de\/en\/encounter\/","title":{"rendered":"Encounter"},"content":{"rendered":"<div class=\"jetpack-video-wrapper\"><iframe loading=\"lazy\" title=\"out of the box&#039;18 easter documentation\" width=\"840\" height=\"473\" src=\"https:\/\/www.youtube.com\/embed\/x8N2_iOAO1U?feature=oembed\" frameborder=\"0\" allow=\"accelerometer; autoplay; clipboard-write; encrypted-media; gyroscope; picture-in-picture; web-share\" referrerpolicy=\"strict-origin-when-cross-origin\" allowfullscreen><\/iframe><\/div>\n<p>Die Jugendbegegnungen sind das Highlight unserer Arbeit. Das <em>out of the box<\/em> Programm wurde schon mehrfach Ausgezeichnet. Daneben unterst\u00fctzen wir aber auch weitere Formate der Begegnungen zwischen Jugendlichen aus afrikanischen L\u00e4ndern und Deutschland.<\/p>\n<p>Seit 2013 gibt es das Jugendaustauschprogramm <em>out of the box<\/em> zwischen Kenia und Deutschland.<em><\/em><strong>2013<\/strong> fuhr eine Sch\u00fcler*innengruppe aus der GSM zu ihrer Partnerschule LHS in Ukunda: <a href=\"http:\/\/www.gsm-bremen.de\/index.php\/out-of-the-box-2013.html\">http:\/\/www.gsm-bremen.de\/index.php\/out-of-the-box-2013.html<\/a><strong>2014<\/strong> kamen die kenianischen Sch\u00fcler*innen nach Deutschland: <a href=\"http:\/\/www.gsm-bremen.de\/index.php\/out-of-the-box-2014.html\">http:\/\/www.gsm-bremen.de\/index.php\/out-of-the-box-2014.html<\/a><strong>2015<\/strong> gr\u00fcndeten Teilnehmer*innen dieses Austausches und Freunde den Verein <em>Partner  \u00fcber Grenzen.<\/em><strong>2016<\/strong> kamen auf Einladung von <i>Partner \u00fcber Grenzen <\/i>17 Kenianer*innen nach Bremen: <a href=\"https:\/\/partner-ueber-grenzen.de\/out-of-the-box-16\/\">https:\/\/partner-ueber-grenzen.de\/out-of-the-box-16\/<br \/>\n<\/a><strong>2017 <\/strong>fuhren zwei deutsche Gruppen nach Kenia um am Thema <em>Menschenrechte <\/em>zu arbeiten. <strong>Ostern<\/strong> fuhren 13 Jugendliche nach Ukunda: <a href=\"https:\/\/partner-ueber-grenzen.de\/out-of-the-box17_easter\/\">https:\/\/partner-ueber-grenzen.de\/out-of-the-box17_easter\/<br \/>\n<\/a>Im <strong>Sommer<\/strong> fuhren 14 Jugendliche nach Nairobi: <a href=\"https:\/\/partner-ueber-grenzen.de\/out-of-the-box\/out-of-the-box17_summer\/\">https:\/\/partner-ueber-grenzen.de\/out-of-the-box\/out-of-the-box17_summer\/<br \/>\n<\/a><strong>2018 <\/strong>fand <strong>Ostern<\/strong> ein ENSA-gef\u00f6rderter Sch\u00fcler*innenaustausch zu dem SDG 13 <em>Klimaschutz <\/em>statt. Wir konnten 10 kenianische Sch\u00fcler*innen und 2 Lehrer*innen einladen. <a href=\"https:\/\/partner-ueber-grenzen.de\/out-of-the-box\/out-of-the-box18-easter\/\">https:\/\/partner-ueber-grenzen.de\/out-of-the-box\/out-of-the-box18-easter\/<\/a>Im <strong>Sommer<\/strong> fand unsere erste Jugendbegegnung statt, die \u00fcber das weltw\u00e4rts-Begegnungen Programm gef\u00f6rdert wurde. Dieser Austausch widmete sich dem SDG 10 <em>Weniger Ungleichheiten. <a href=\"https:\/\/partner-ueber-grenzen.de\/out-of-the-box\/out-of-the-box18-summer\/\">https:\/\/partner-ueber-grenzen.de\/out-of-the-box\/out-of-the-box18-summer\/<br \/>\n<\/a><\/em>Seit 2018 nennen wir uns Partner*innen \u00fcber Grenzen.<br \/>\n<strong>2019 <\/strong>unterst\u00fctzen wir den Besuch der Deutschen Schule Nairobi an der Gesamtschule Bremen Mitte im Juni <a href=\"https:\/\/partner-ueber-grenzen.de\/encounter\/dsn-gsm\/\">https:\/\/partner-ueber-grenzen.de\/encounter\/dsn-gsm\/<\/a>. Im Juli\/August arbeiteten 10 Jugendliche aus Bremen mit 10 Jugendlichen von MYFF zu SDG 1 in Kenia. <a href=\"https:\/\/partner-ueber-grenzen.de\/out-of-the-box\/out-of-the-box19\">https:\/\/partner-ueber-grenzen.de\/out-of-the-box\/out-of-the-box19\/<br \/>\n<\/a><strong>2020<\/strong> mussten wir Coronabedingt alle internationalen Begegnungen absagen. Gl\u00fccklicherweise konnten unsere Partnerorganisation MYFF in Kenia und wir in Deutschland eine &#8220;kleine Begegnung&#8221; durchf\u00fchren <a href=\"https:\/\/partner-ueber-grenzen.de\/encounter\/borkum-2020\/\">https:\/\/partner-ueber-grenzen.de\/encounter\/borkum-2020\/<\/a><strong>2021<\/strong> ist im April eine Schulbegegnung zwischen der Lulu High School und der GSM in Kenia und eine au\u00dferschulische Begegnung im August zwischen Jugendlichen aus Nairobi und Bremen in Deutschland geplant. <a href=\"https:\/\/partner-ueber-grenzen.de\/encounter\/out-of-the-box21\/\">https:\/\/partner-ueber-grenzen.de\/encounter\/out-of-the-box21\/<\/a>Das entwicklungspolitische Schulaustauschprogramm (ENSA) des BMZ lies im Herbst\/Winter 2018 einen Film \u00fcber das out of the box &#8211; Programm produzieren.<\/p>\n<div class=\"jetpack-video-wrapper\"><iframe loading=\"lazy\" title=\"ENSA-Programm: Schulpartnerschaft zwischen Bremen und Ukunda\" width=\"840\" height=\"473\" src=\"https:\/\/www.youtube.com\/embed\/sp07Py854wQ?feature=oembed\" frameborder=\"0\" allow=\"accelerometer; autoplay; clipboard-write; encrypted-media; gyroscope; picture-in-picture; web-share\" referrerpolicy=\"strict-origin-when-cross-origin\" allowfullscreen><\/iframe><\/div>\n","protected":false},"excerpt":{"rendered":"<p>Die Jugendbegegnungen sind das Highlight unserer Arbeit. Das out of the box Programm wurde schon mehrfach Ausgezeichnet. Daneben unterst\u00fctzen wir aber auch weitere Formate der Begegnungen zwischen Jugendlichen aus afrikanischen L\u00e4ndern und Deutschland. Seit 2013 gibt es das Jugendaustauschprogramm out of the box zwischen Kenia und Deutschland.2013 fuhr eine Sch\u00fcler*innengruppe aus der GSM zu ihrer &hellip; <a href=\"https:\/\/partner-ueber-grenzen.de\/en\/encounter\/\" class=\"more-link\">Continue reading<span class=\"screen-reader-text\"> &#8220;Encounter&#8221;<\/span><\/a><\/p>\n","protected":false},"author":27,"featured_media":0,"parent":0,"menu_order":0,"comment_status":"closed","ping_status":"closed","template":"","meta":{"jetpack_post_was_ever_published":false,"footnotes":""},"class_list":["post-3926","page","type-page","status-publish","hentry"],"jetpack_sharing_enabled":true,"jetpack_shortlink":"https:\/\/wp.me\/P8CDKE-11k","jetpack-related-posts":[{"id":977,"url":"https:\/\/partner-ueber-grenzen.de\/encounter\/","url_meta":{"origin":3926,"position":0},"title":"Begegnungen","author":"Ecki","date":"30. June 2017","format":false,"excerpt":"https:\/\/youtu.be\/x8N2_iOAO1U Die Jugendbegegnungen sind das Highlight unserer Arbeit. Das out of the box Programm wurde schon mehrfach Ausgezeichnet. Daneben unterst\u00fctzen wir aber auch weitere Formate der Begegnungen zwischen Jugendlichen aus afrikanischen L\u00e4ndern und Deutschland. Seit 2013 gibt es das Jugendaustauschprogramm\u00a0out of the box\u00a0zwischen Kenia und Deutschland. 2013 fuhr eine Sch\u00fcler*innengruppe\u2026","rel":"","context":"Similar post","block_context":{"text":"Similar post","link":""},"img":{"alt_text":"","src":"https:\/\/i0.wp.com\/img.youtube.com\/vi\/x8N2_iOAO1U\/0.jpg?resize=350%2C200","width":350,"height":200},"classes":[]},{"id":1463,"url":"https:\/\/partner-ueber-grenzen.de\/about\/geschichte\/","url_meta":{"origin":3926,"position":1},"title":"Geschichte","author":"Ecki","date":"28. April 2018","format":false,"excerpt":"Der Verein Partner:innen \u00fcber Grenzen wirkte und wirkt in diversen S\u00fcd-Nord-Projekten mit. Mehr als in anderen Beziehungen spielen in S\u00fcd-Nord-Partner:innenschaften Machtstrukturen eine nicht zu untersch\u00e4tzende Rolle. Wir reflektieren alleine und gemeinsam mit unseren Partner:innen unsere\u00a0Werte und unsere Haltungen. Wir begegnen uns mit Respekt und Empathie und sorgen daf\u00fcr, dass sich\u2026","rel":"","context":"Similar post","block_context":{"text":"Similar post","link":""},"img":{"alt_text":"","src":"","width":0,"height":0},"classes":[]},{"id":276,"url":"https:\/\/partner-ueber-grenzen.de\/encounter\/out-of-the-box-16\/","url_meta":{"origin":3926,"position":2},"title":"out of the box &#8217;16","author":"Ecki","date":"24. April 2016","format":false,"excerpt":"Vom 21.3. bis 10.4.2016 veranstalteten wir\u00a0gemeinsam mit dem LidiceHaus, MYSA und den Mekaela Academies\u00a0die internationale Jugendbegegnung\u00a0out of the box'16. Wir konnten 15 kenianische Jugendliche im Altern zwischen 12 und 26 Jahre und\u00a0zwei Betreuer*innen nach Bremen einladen. Gemeinsam mit\u00a0Jugendliche aus unserem Verein und weiteren bremer\u00a0Jugendliche im Alter zwischen 13 und 24\u2026","rel":"","context":"Similar post","block_context":{"text":"Similar post","link":""},"img":{"alt_text":"","src":"https:\/\/i0.wp.com\/img.youtube.com\/vi\/kqxuuQJfLaU\/0.jpg?resize=350%2C200","width":350,"height":200},"classes":[]},{"id":3125,"url":"https:\/\/partner-ueber-grenzen.de\/encounter\/out-of-the-box21\/","url_meta":{"origin":3926,"position":3},"title":"out of the box&#8217;21","author":"Ecki","date":"12. September 2020","format":false,"excerpt":"Trotz Corona-Pandemie organisieren wir dieses Jahr wieder Jugendbegegnungen zwischen Kenia und Deutschland. Allerdings werden sich die Gruppen nur \u00fcber Videokonferenzen sehen k\u00f6nnen. Beide Gruppen werden in sich \u00fcberlappenden Zeitfenstern im eigenen Land eine Begegnung an einem sch\u00f6nen Ort durchf\u00fchren, so dass wenigstens in den L\u00e4ndergruppen eine attraktive Begegnung stattfindet und\u2026","rel":"","context":"Similar post","block_context":{"text":"Similar post","link":""},"img":{"alt_text":"","src":"https:\/\/i0.wp.com\/partner-ueber-grenzen.de\/wp-content\/uploads\/2021\/11\/out-of-the-box21.jpg?resize=350%2C200&ssl=1","width":350,"height":200,"srcset":"https:\/\/i0.wp.com\/partner-ueber-grenzen.de\/wp-content\/uploads\/2021\/11\/out-of-the-box21.jpg?resize=350%2C200&ssl=1 1x, https:\/\/i0.wp.com\/partner-ueber-grenzen.de\/wp-content\/uploads\/2021\/11\/out-of-the-box21.jpg?resize=525%2C300&ssl=1 1.5x"},"classes":[]},{"id":639,"url":"https:\/\/partner-ueber-grenzen.de\/encounter\/out-of-the-box17_easter\/","url_meta":{"origin":3926,"position":4},"title":"out of the box&#8217;17 easter","author":"Ecki","date":"11. April 2017","format":false,"excerpt":"Die erste von zwei\u00a0out of the box'17 Jugendbegegnungen\u00a0fand vom 17.April bis 7.Mai in Ukunda statt. Elf Sch\u00fcler*innen des 9. Jahrgangs der GSM, zwei ehemalige Sch\u00fcler*innen der GSM, die 2011\/12 an dem Mali-Austausch teilnahmen und zwei Lehrer*innen der Schule besuchten ihre Partnerschule an der K\u00fcste Kenias, um mit ihnen zu den\u2026","rel":"","context":"Similar post","block_context":{"text":"Similar post","link":""},"img":{"alt_text":"","src":"https:\/\/i0.wp.com\/img.youtube.com\/vi\/QnoXoJXGiIo\/0.jpg?resize=350%2C200","width":350,"height":200},"classes":[]},{"id":4772,"url":"https:\/\/partner-ueber-grenzen.de\/encounter\/out-of-the-box25\/","url_meta":{"origin":3926,"position":5},"title":"out of the box&#8217;25","author":"Ecki","date":"23. April 2025","format":false,"excerpt":"Bei out of the box'25 handelt es sich um Anbahnungsreisen zwischen der St. Antony Dago Kokore Secondary School in Kisumu\/Kenia und der GSM in Bremen. Ziel der Begegnungen ist: sich kennen zu lernen, gemeinsam Projekte bis hin zu Sch\u00fcler:innenaustauschprogrammen zu planen und eine Schulpartnerschaft zwischen den beiden Schulen zu gr\u00fcnden.\u2026","rel":"","context":"Similar post","block_context":{"text":"Similar post","link":""},"img":{"alt_text":"","src":"https:\/\/i0.wp.com\/partner-ueber-grenzen.de\/wp-content\/uploads\/2025\/08\/2025-08-13-ootb.jpg?resize=350%2C200&ssl=1","width":350,"height":200,"srcset":"https:\/\/i0.wp.com\/partner-ueber-grenzen.de\/wp-content\/uploads\/2025\/08\/2025-08-13-ootb.jpg?resize=350%2C200&ssl=1 1x, https:\/\/i0.wp.com\/partner-ueber-grenzen.de\/wp-content\/uploads\/2025\/08\/2025-08-13-ootb.jpg?resize=525%2C300&ssl=1 1.5x, https:\/\/i0.wp.com\/partner-ueber-grenzen.de\/wp-content\/uploads\/2025\/08\/2025-08-13-ootb.jpg?resize=700%2C400&ssl=1 2x, https:\/\/i0.wp.com\/partner-ueber-grenzen.de\/wp-content\/uploads\/2025\/08\/2025-08-13-ootb.jpg?resize=1050%2C600&ssl=1 3x"},"classes":[]}],"_links":{"self":[{"href":"https:\/\/partner-ueber-grenzen.de\/en\/wp-json\/wp\/v2\/pages\/3926","targetHints":{"allow":["GET"]}}],"collection":[{"href":"https:\/\/partner-ueber-grenzen.de\/en\/wp-json\/wp\/v2\/pages"}],"about":[{"href":"https:\/\/partner-ueber-grenzen.de\/en\/wp-json\/wp\/v2\/types\/page"}],"author":[{"embeddable":true,"href":"https:\/\/partner-ueber-grenzen.de\/en\/wp-json\/wp\/v2\/users\/27"}],"replies":[{"embeddable":true,"href":"https:\/\/partner-ueber-grenzen.de\/en\/wp-json\/wp\/v2\/comments?post=3926"}],"version-history":[{"count":2,"href":"https:\/\/partner-ueber-grenzen.de\/en\/wp-json\/wp\/v2\/pages\/3926\/revisions"}],"predecessor-version":[{"id":4172,"href":"https:\/\/partner-ueber-grenzen.de\/en\/wp-json\/wp\/v2\/pages\/3926\/revisions\/4172"}],"wp:attachment":[{"href":"https:\/\/partner-ueber-grenzen.de\/en\/wp-json\/wp\/v2\/media?parent=3926"}],"curies":[{"name":"wp","href":"https:\/\/api.w.org\/{rel}","templated":true}]}}