{"id":2700,"date":"2019-11-08T16:47:14","date_gmt":"2019-11-08T15:47:14","guid":{"rendered":"https:\/\/partner-ueber-grenzen.de\/?page_id=2700"},"modified":"2023-05-12T18:25:18","modified_gmt":"2023-05-12T16:25:18","slug":"kolonialismus-klimakrise-klimagerechtigkeit","status":"publish","type":"page","link":"https:\/\/partner-ueber-grenzen.de\/en\/encounter\/kolonialismus-klimakrise-klimagerechtigkeit\/","title":{"rendered":"Material zum Themenbereich Kolonialismus, Klimakrise, Klimagerechtigkeit"},"content":{"rendered":"<p>Wir haben schon mehrere Begegnungen zu diesem Themenbereich durchgef\u00fchrt und deshalb diese Materialseite erstellt. Wenn du weitere interessante Links kennst, die hier genannt werden sollten, teil uns dies gerne \u00fcber unser <a href=\"https:\/\/partner-ueber-grenzen.de\/about\/contact\/\">Kontaktformular<\/a> mit.<\/p>\n<h2>Klimagerechtigkeit<\/h2>\n<p>Grundlagen zum Klimawandel und Klimagerechtigkeit<br \/>\n<a href=\"https:\/\/klimaretter.hamburg\/klimagerechtigkeit\/\" target=\"_blank\" rel=\"noopener noreferrer\">https:\/\/klimaretter.hamburg\/klimagerechtigkeit\/<\/a><\/p>\n<h2>Schwarze Perspektiven auf die Kolonialit\u00e4t der Klimakrise<\/h2>\n<p>Von und mit\u00a0Imeh Frieda Ituen und Joshua Kwesi Aikins<br \/>\n<iframe loading=\"lazy\" src=\"https:\/\/w.soundcloud.com\/player\/?url=https%3A\/\/api.soundcloud.com\/tracks\/682380779&amp;color=%23ff5500&amp;auto_play=false&amp;hide_related=false&amp;show_comments=true&amp;show_user=true&amp;show_reposts=false&amp;show_teaser=true&amp;visual=true\" width=\"100%\" height=\"300\" frameborder=\"no\" scrolling=\"no\"><\/iframe><br \/>\nZusammenfassung im derFreitag:\u00a0<a href=\"https:\/\/www.freitag.de\/autoren\/jamal-tuschick\/chemisches-echo\" target=\"_blank\" rel=\"noopener noreferrer\">https:\/\/www.freitag.de\/autoren\/jamal-tuschick\/chemisches-echo<\/a><\/p>\n<h2 class=\"title style-scope ytd-video-primary-info-renderer\">Klimagerechtigkeit aus Schwarzer, rassismuskritischer Perspektive<\/h2>\n<p>Von und mit Imeh Ituen &amp; Joshua Kwesi Aikins<\/p>\n<div class=\"jetpack-video-wrapper\"><iframe loading=\"lazy\" title=\"Klimagerechtigkeit aus Schwarzer, rassismuskritischer Perspektive: Imeh Ituen &amp; Joshua Kwesi Aikins\" width=\"840\" height=\"630\" src=\"https:\/\/www.youtube.com\/embed\/0gV1_094X8k?feature=oembed\" frameborder=\"0\" allow=\"accelerometer; autoplay; clipboard-write; encrypted-media; gyroscope; picture-in-picture; web-share\" referrerpolicy=\"strict-origin-when-cross-origin\" allowfullscreen><\/iframe><\/div>\n<h2>Klimakrise- Koloniale Wurzeln und Kontinuit\u00e4ten<\/h2>\n<div class=\"jetpack-video-wrapper\"><iframe loading=\"lazy\" title=\"Was hat der Kolonialismus mit der Klimakrise zu tun?\" width=\"840\" height=\"473\" src=\"https:\/\/www.youtube.com\/embed\/ufcZE7EbBb0?feature=oembed\" frameborder=\"0\" allow=\"accelerometer; autoplay; clipboard-write; encrypted-media; gyroscope; picture-in-picture; web-share\" referrerpolicy=\"strict-origin-when-cross-origin\" allowfullscreen><\/iframe><\/div>\n<p>An der TU Berlin haben Studierende im Wintersemester 2020\/21 in der Projektwerkstatt des Energiseminars \u201cKolonialismus und Klimakrise\u201d ein Online Magazin zum Thema \u201cKlimakrise- Koloniale Wurzeln und Kontinuit\u00e4ten\u201d als Abschlussarbeit ins Leben gerufen. Werft einen Blick auf die umfangreiche, wissenschaftlich erarbeitete Website. Es gibt interaktive Tools, ein \u00fcbersichtliches Design und \u00fcber zehn verschiedene, gut recherchierte Inhalte.<br \/>\n<a href=\"https:\/\/kolonialismus-klima.wixsite.com\/site\" target=\"_blank\" rel=\"noopener\">https:\/\/kolonialismus-klima.wixsite.com\/site<\/a><\/p>\n<h2>Kolonialismus und Klimakrise \u2013 Brosch\u00fcre der BUNDjugend NRW<\/h2>\n<p><a href=\"https:\/\/partner-ueber-grenzen.de\/wp-content\/uploads\/2022\/02\/cover-300x419@2x.png\" rel=\"lightbox[2700]\"><img loading=\"lazy\" decoding=\"async\" data-attachment-id=\"4169\" data-permalink=\"https:\/\/partner-ueber-grenzen.de\/en\/encounter\/kolonialismus-klimakrise-klimagerechtigkeit\/cover-300x4192x\/\" data-orig-file=\"https:\/\/partner-ueber-grenzen.de\/wp-content\/uploads\/2022\/02\/cover-300x419@2x.png\" data-orig-size=\"600,838\" data-comments-opened=\"0\" data-image-meta=\"{&quot;aperture&quot;:&quot;0&quot;,&quot;credit&quot;:&quot;&quot;,&quot;camera&quot;:&quot;&quot;,&quot;caption&quot;:&quot;&quot;,&quot;created_timestamp&quot;:&quot;0&quot;,&quot;copyright&quot;:&quot;&quot;,&quot;focal_length&quot;:&quot;0&quot;,&quot;iso&quot;:&quot;0&quot;,&quot;shutter_speed&quot;:&quot;0&quot;,&quot;title&quot;:&quot;&quot;,&quot;orientation&quot;:&quot;0&quot;}\" data-image-title=\"cover-300&amp;#215;419@2x\" data-image-description=\"\" data-image-caption=\"\" data-medium-file=\"https:\/\/partner-ueber-grenzen.de\/wp-content\/uploads\/2022\/02\/cover-300x419@2x-215x300.png\" data-large-file=\"https:\/\/partner-ueber-grenzen.de\/wp-content\/uploads\/2022\/02\/cover-300x419@2x.png\" class=\"alignleft wp-image-4169 size-medium\" src=\"https:\/\/partner-ueber-grenzen.de\/wp-content\/uploads\/2022\/02\/cover-300x419@2x-215x300.png\" alt=\"\" width=\"215\" height=\"300\" srcset=\"https:\/\/partner-ueber-grenzen.de\/wp-content\/uploads\/2022\/02\/cover-300x419@2x-215x300.png 215w, https:\/\/partner-ueber-grenzen.de\/wp-content\/uploads\/2022\/02\/cover-300x419@2x.png 600w\" sizes=\"auto, (max-width: 215px) 85vw, 215px\" \/><\/a>Auf 64 Seiten beschreibt die Brosch\u00fcre zun\u00e4chst wie die Klimakrise durch den Kolonialismus, das koloniale Naturverst\u00e4ndnis und die daraus resultierende Ausbeutung von Mensch und Natur \u00fcberhaupt erst entstehen konnte. In einem weiteren Kapitel geht es darum, wie sich koloniale Kontinuit\u00e4ten in der unterschiedlichen Betroffenheit von Klimawandelfolgen, dem Umfang von CO2-Emissionen, Ressourcenabbau, aber auch in der Suche nach L\u00f6sungen f\u00fcr die Klimakrise und im\u00a0<em>wei\u00dfen<\/em>\u00a0Klimaaktivismus erkennen lassen. Ein zentraler Teil der Brosch\u00fcre ist ebenso die Entstehungsgeschichte der Umwelt- und Klimagerechtigkeitsbewegung und das Aufzeigen verschiedener antikolonialer Widerst\u00e4nde, die sich seit 500 Jahren gegen Ausbeutung auflehnen und somit die Klimakrise schon in ihrer Wurzel bek\u00e4mpft haben.<\/p>\n<p><a href=\"https:\/\/www.bundjugend-nrw.de\/kolonialismus-und-klimakrise-neue-broschuere\/\">https:\/\/www.bundjugend-nrw.de\/kolonialismus-und-klimakrise-neue-broschuere\/<\/a><\/p>\n<div class=\"page\" title=\"Page 3\">\n<div class=\"layoutArea\">\n<div class=\"column\">\n<h2>Klimakrise, Kolonialismus und sozial-o\u0308kologische Transformation<\/h2>\n<p>Die Klimakrise ist Ausdruck und Ergebnis von kapitalistischen, rassistischen und kolonialen Macht- und Herrschaftsverh\u00e4ltnissen, Ausbeutungspraktiken sowie imperialen Lebensweisen. Klimaschutz, globale Gerechtigkeit und Frieden verstehen Nadine Etzkorn und Josephine Tr\u00f6ger als eng miteinander verwoben.<br \/>\n<a href=\"https:\/\/handbuch-friedenspsychologie.de\/buch\/konzepte-und-kontexte-der-gewalt\/klimakrise-kolonialismus-und-sozial-oekologische-transformation\/\">https:\/\/handbuch-friedenspsychologie.de\/buch\/konzepte-und-kontexte-der-gewalt\/klimakrise-kolonialismus-und-sozial-oekologische-transformation\/<\/a><\/p>\n<\/div>\n<\/div>\n<\/div>\n<h2>Kolonialismus und seine Folgen<\/h2>\n<p>In Afrika, der S\u00fcdsee und in China \u2013 zum Ende des 19. Jahrhunderts kontrollierte Deutschland das drittgr\u00f6\u00dfte Kolonialreich der Welt. Es pr\u00e4gte das Selbstverst\u00e4ndnis der deutschen Gesellschaft und die Lebensrealit\u00e4ten der Opfer des Kolonialismus. Doch in Deutschland herrsche eine \u00bbkoloniale Amnesie\u00ab, kritisiert der Historiker J\u00fcrgen Zimmerer im Podcast&#8230;<br \/>\n<a href=\"https:\/\/www.spiegel.de\/geschichte\/der-verdraengte-deutsche-kolonialismus-podcast-a-988b828d-1246-4d4f-bfda-9a25a12af517\" target=\"_blank\" rel=\"noopener\">https:\/\/www.spiegel.de\/geschichte\/der-verdraengte-deutsche-kolonialismus-podcast-a-988b828d-1246-4d4f-bfda-9a25a12af517<\/a><\/p>\n<h2>Reisen<\/h2>\n<p>Spannendes Streitgespr\u00e4ch zwischen einem Buchautor der das Reisen als ein friedenstiftendes Mittel der V\u00f6lkerverst\u00e4ndigung versteht und einem radikalen Vertreter der Postwachstums\u00f6konomie: &#8220;Reisen erweitern den Horizont und sind ein Beitrag zur V\u00f6lkerverst\u00e4ndigung, sagen die einen. Reisen \u2013 zumal mit dem Flugzeug \u2013 sind barbarisch, sagen die anderen. Weil sie schlecht sind f\u00fcrs Klima.&#8221;<br \/>\n<a href=\"https:\/\/www.deutschlandfunk.de\/matthias-politycki-vs-niko-paech-muessen-wir-reisen.2927.de.html?dram:article_id=392371\" target=\"_blank\" rel=\"noopener noreferrer\">https:\/\/www.deutschlandfunk.de\/matthias-politycki-vs-niko-paech-muessen-wir-reisen.2927.de.html?dram:article_id=392371<\/a><\/p>\n<h2>Gundlagen<\/h2>\n<p>Der Klimaforscher Stefan Rahmstorf erkl\u00e4rt unsere Welt mit 4 Grad mehr.<\/p>\n<p><iframe loading=\"lazy\" src=\"\/\/players.brightcove.net\/18140073001\/65fa926a-0fe0-4031-8cbf-9db35cecf64a_default\/index.html?videoId=6087750314001\" width=\"300\" height=\"150\" frameborder=\"0\" allowfullscreen=\"allowfullscreen\"><\/iframe><\/p>\n<h2>Funkkolleg Klima<\/h2>\n<p>2023 startete das funkkolleg.klima des Hessischen Rundfunks. In ihm werden interessante Fragestellung zur Klimakrise behandelt. Ihr k\u00f6nnt es als Video oder klassischen Podcast auf unterschiedlichen Plattformen h\u00f6ren (und sehen): <a href=\"https:\/\/www.ardmediathek.de\/sendung\/funkkolleg-klima\/Y3JpZDovL2hyLW9ubGluZS8zODIyMDIyOA\">https:\/\/www.ardmediathek.de\/sendung\/funkkolleg-klima\/Y3JpZDovL2hyLW9ubGluZS8zODIyMDIyOA<\/a><\/p>\n","protected":false},"excerpt":{"rendered":"<p>Wir haben schon mehrere Begegnungen zu diesem Themenbereich durchgef\u00fchrt und deshalb diese Materialseite erstellt. Wenn du weitere interessante Links kennst, die hier genannt werden sollten, teil uns dies gerne \u00fcber unser Kontaktformular mit. Klimagerechtigkeit Grundlagen zum Klimawandel und Klimagerechtigkeit https:\/\/klimaretter.hamburg\/klimagerechtigkeit\/ Schwarze Perspektiven auf die Kolonialit\u00e4t der Klimakrise Von und mit\u00a0Imeh Frieda Ituen und Joshua Kwesi &hellip; <a href=\"https:\/\/partner-ueber-grenzen.de\/en\/encounter\/kolonialismus-klimakrise-klimagerechtigkeit\/\" class=\"more-link\">Continue reading<span class=\"screen-reader-text\"> &#8220;Material zum Themenbereich Kolonialismus, Klimakrise, Klimagerechtigkeit&#8221;<\/span><\/a><\/p>\n","protected":false},"author":27,"featured_media":0,"parent":977,"menu_order":0,"comment_status":"closed","ping_status":"closed","template":"","meta":{"jetpack_post_was_ever_published":false,"footnotes":""},"class_list":["post-2700","page","type-page","status-publish","hentry"],"jetpack_sharing_enabled":true,"jetpack_shortlink":"https:\/\/wp.me\/P8CDKE-Hy","jetpack-related-posts":[{"id":3055,"url":"https:\/\/partner-ueber-grenzen.de\/encounter\/borkum-2020\/","url_meta":{"origin":2700,"position":0},"title":"Borkum 2020","author":"Ecki","date":"26. July 2020","format":false,"excerpt":"Auch bei uns war 2020 ganz anders geplant. Mehrere kenianisch-deutsche Jugendbegegnungen waren bewilligt, alles musst aufgrund der Corona-Pandemie abgesagt werden. Und so waren wir am Ende doch noch gl\u00fccklich, dass wir sowohl in Kenia, als auch in Deutschland jeweils eine\u00a0einw\u00f6chige Begegnungen f\u00fcr die jeweiligen Landesgruppen anbieten konnten. Die kenianische Gruppe\u2026","rel":"","context":"Similar post","block_context":{"text":"Similar post","link":""},"img":{"alt_text":"","src":"https:\/\/i0.wp.com\/partner-ueber-grenzen.de\/wp-content\/uploads\/2021\/01\/BMZ_ZE_IAd_D.png?resize=350%2C200&ssl=1","width":350,"height":200},"classes":[]},{"id":4173,"url":"https:\/\/partner-ueber-grenzen.de\/en\/encounter\/borkum-2020\/","url_meta":{"origin":2700,"position":1},"title":"Borkum 2020","author":"Ecki","date":"7. February 2022","format":false,"excerpt":"We had a completely different plan for 2020, too. Several Kenyan-German youth exchanges were approved, but everything had to be canceled due to the Corona pandemic. And so in the end we were still happy that we were able to offer one-week encounters for the respective national groups in Kenya\u2026","rel":"","context":"Similar post","block_context":{"text":"Similar post","link":""},"img":{"alt_text":"","src":"https:\/\/i0.wp.com\/partner-ueber-grenzen.de\/wp-content\/uploads\/2021\/01\/BMZ_ZE_IAd_D.png?resize=350%2C200&ssl=1","width":350,"height":200},"classes":[]},{"id":1463,"url":"https:\/\/partner-ueber-grenzen.de\/about\/geschichte\/","url_meta":{"origin":2700,"position":2},"title":"Geschichte","author":"Ecki","date":"28. April 2018","format":false,"excerpt":"Der Verein Partner:innen \u00fcber Grenzen wirkte und wirkt in diversen S\u00fcd-Nord-Projekten mit. Mehr als in anderen Beziehungen spielen in S\u00fcd-Nord-Partner:innenschaften Machtstrukturen eine nicht zu untersch\u00e4tzende Rolle. Wir reflektieren alleine und gemeinsam mit unseren Partner:innen unsere\u00a0Werte und unsere Haltungen. Wir begegnen uns mit Respekt und Empathie und sorgen daf\u00fcr, dass sich\u2026","rel":"","context":"Similar post","block_context":{"text":"Similar post","link":""},"img":{"alt_text":"","src":"","width":0,"height":0},"classes":[]},{"id":4150,"url":"https:\/\/partner-ueber-grenzen.de\/encounter\/out-of-the-box22\/","url_meta":{"origin":2700,"position":3},"title":"out of the box&#8217;22","author":"Ecki","date":"4. February 2022","format":false,"excerpt":"Vom 29. Oktober bis zum 18. November fuhr eine Gruppe von 10 Sch\u00fcler:innen, 2 Teamer:innen von Partner:innen \u00fcber Grenzen\u00a0und 2 Lehrer:innen der Gesamtschule Bremen Mitte zu ihrer Partnerschule, den Lulu High Schools in Ukunda (Kenia). \u00a0In Kenia hat die deutsche Gruppe mit einer kenianischen Sch\u00fcler:innengruppe zum Zusammenhang der Klimakrise und\u2026","rel":"","context":"Similar post","block_context":{"text":"Similar post","link":""},"img":{"alt_text":"","src":"https:\/\/i0.wp.com\/partner-ueber-grenzen.de\/wp-content\/uploads\/2023\/01\/Einladung-web.jpg?resize=350%2C200&ssl=1","width":350,"height":200,"srcset":"https:\/\/i0.wp.com\/partner-ueber-grenzen.de\/wp-content\/uploads\/2023\/01\/Einladung-web.jpg?resize=350%2C200&ssl=1 1x, https:\/\/i0.wp.com\/partner-ueber-grenzen.de\/wp-content\/uploads\/2023\/01\/Einladung-web.jpg?resize=525%2C300&ssl=1 1.5x, https:\/\/i0.wp.com\/partner-ueber-grenzen.de\/wp-content\/uploads\/2023\/01\/Einladung-web.jpg?resize=700%2C400&ssl=1 2x, https:\/\/i0.wp.com\/partner-ueber-grenzen.de\/wp-content\/uploads\/2023\/01\/Einladung-web.jpg?resize=1050%2C600&ssl=1 3x, https:\/\/i0.wp.com\/partner-ueber-grenzen.de\/wp-content\/uploads\/2023\/01\/Einladung-web.jpg?resize=1400%2C800&ssl=1 4x"},"classes":[]},{"id":4551,"url":"https:\/\/partner-ueber-grenzen.de\/encounter\/out-of-the-box23-june\/","url_meta":{"origin":2700,"position":4},"title":"out of the box&#8217;23 June","author":"Ecki","date":"6. March 2023","format":false,"excerpt":"Vom 16. Juni bis zum 6. Juli sind 11 Kenianer:innen zu Gast an der GSM. Es ist die R\u00fcckbegegnung des Besuchs von deutschen Sch\u00fcler:innen in Kenia 2022. Im November'22 hatten sie entschieden, dass sie den \u00a0Zusammenhang von Klimakrise und Kolonialismus\u00a0weiter thematisieren wollen. Der Austausch wird gef\u00f6rdert: im Rahmen des ENSA-Programms\u2026","rel":"","context":"Similar post","block_context":{"text":"Similar post","link":""},"img":{"alt_text":"","src":"https:\/\/i0.wp.com\/partner-ueber-grenzen.de\/wp-content\/uploads\/2025\/10\/ootb23-51.jpeg?resize=350%2C200&ssl=1","width":350,"height":200,"srcset":"https:\/\/i0.wp.com\/partner-ueber-grenzen.de\/wp-content\/uploads\/2025\/10\/ootb23-51.jpeg?resize=350%2C200&ssl=1 1x, https:\/\/i0.wp.com\/partner-ueber-grenzen.de\/wp-content\/uploads\/2025\/10\/ootb23-51.jpeg?resize=525%2C300&ssl=1 1.5x, https:\/\/i0.wp.com\/partner-ueber-grenzen.de\/wp-content\/uploads\/2025\/10\/ootb23-51.jpeg?resize=700%2C400&ssl=1 2x, https:\/\/i0.wp.com\/partner-ueber-grenzen.de\/wp-content\/uploads\/2025\/10\/ootb23-51.jpeg?resize=1050%2C600&ssl=1 3x"},"classes":[]},{"id":18,"url":"https:\/\/partner-ueber-grenzen.de\/about\/","url_meta":{"origin":2700,"position":5},"title":"\u00dcber uns","author":"partner_admin","date":"17. March 2016","format":false,"excerpt":"Ziel des Vereins: junge Menschen aus afrikanischen L\u00e4ndern und Deutschland in Kontakt bringen. Der Verein unterst\u00fctzt internationale Jugendbegegnungen der ausserschulischen Bildungsarbeit und Schulaustauschprogramme. Wer Interesse an unserer Arbeit hat, kann sich ganz einfach \u00fcber das Kontaktformular\u00a0an uns wenden. \u00a0 Sitz des gemeinn\u00fctzigen Vereins ist in Bremen. Unsere\u00a0Satzung Bankverbindung: GLS Bank\u2026","rel":"","context":"Similar post","block_context":{"text":"Similar post","link":""},"img":{"alt_text":"","src":"https:\/\/i0.wp.com\/partner-ueber-grenzen.de\/wp-content\/uploads\/2019\/07\/pug-Logo-222x203.png?resize=350%2C200&ssl=1","width":350,"height":200},"classes":[]}],"_links":{"self":[{"href":"https:\/\/partner-ueber-grenzen.de\/en\/wp-json\/wp\/v2\/pages\/2700","targetHints":{"allow":["GET"]}}],"collection":[{"href":"https:\/\/partner-ueber-grenzen.de\/en\/wp-json\/wp\/v2\/pages"}],"about":[{"href":"https:\/\/partner-ueber-grenzen.de\/en\/wp-json\/wp\/v2\/types\/page"}],"author":[{"embeddable":true,"href":"https:\/\/partner-ueber-grenzen.de\/en\/wp-json\/wp\/v2\/users\/27"}],"replies":[{"embeddable":true,"href":"https:\/\/partner-ueber-grenzen.de\/en\/wp-json\/wp\/v2\/comments?post=2700"}],"version-history":[{"count":12,"href":"https:\/\/partner-ueber-grenzen.de\/en\/wp-json\/wp\/v2\/pages\/2700\/revisions"}],"predecessor-version":[{"id":4575,"href":"https:\/\/partner-ueber-grenzen.de\/en\/wp-json\/wp\/v2\/pages\/2700\/revisions\/4575"}],"up":[{"embeddable":true,"href":"https:\/\/partner-ueber-grenzen.de\/en\/wp-json\/wp\/v2\/pages\/977"}],"wp:attachment":[{"href":"https:\/\/partner-ueber-grenzen.de\/en\/wp-json\/wp\/v2\/media?parent=2700"}],"curies":[{"name":"wp","href":"https:\/\/api.w.org\/{rel}","templated":true}]}}